{"id":2109,"date":"2015-08-12T17:56:42","date_gmt":"2015-08-12T20:56:42","guid":{"rendered":"http:\/\/rcymedia.eu\/producto\/sitio-web-pymes-nivel-ii\/"},"modified":"2015-08-12T17:56:42","modified_gmt":"2015-08-12T20:56:42","slug":"sitio-web-pymes-nivel-ii","status":"publish","type":"product","link":"https:\/\/rcymedia.eu\/pt\/producto\/sitio-web-pymes-nivel-ii\/","title":{"rendered":"Sitio Web PyMes (Nivel II)"},"content":{"rendered":"<p>Dise\u00f1o de sitio web adaptable a m\u00f3viles, con las siguientes secciones.<\/p>\n<p>Incluye:<\/p>\n<ul>\n<li>Dominio .com<\/li>\n<li>Hosting por un a\u00f1o*.<\/li>\n<\/ul>\n<p>Secciones:<\/p>\n<ul>\n<li>Inicio<\/li>\n<li>Quienes somos: rese\u00f1a sobre la empresa.<\/li>\n<li>Productos\/servicios: secci\u00f3n con un cat\u00e1logo\u00a0de productos y servicios (una p\u00e1gina para cada uno de ellos).<\/li>\n<li>Blog de noticias: con posibilidad de insertar videos, mapas, etc.<\/li>\n<li>Localizaci\u00f3n y contacto: formulario de contacto + Localizaci\u00f3n en Google Maps.<\/li>\n<\/ul>\n<h6>* Desde el segundo a\u00f1o, el coste del hosting ser\u00e1 110\u20ac anuales (+IVA)<\/h6>\n","protected":false},"excerpt":{"rendered":"<p>Dise\u00f1o de sitio web adaptable a m\u00f3viles, con las siguientes secciones. Incluye: Dominio .com Hosting por un a\u00f1o*. Secciones: Inicio Quienes somos: rese\u00f1a sobre la empresa. Productos\/servicios: secci\u00f3n con un cat\u00e1logo\u00a0de productos y servicios (una p\u00e1gina para cada uno de ellos). Blog de noticias: con posibilidad de insertar videos, mapas, etc. Localizaci\u00f3n y contacto: formulario&hellip;<\/p>\n","protected":false},"featured_media":1833,"template":"","meta":{"_exactmetrics_skip_tracking":false,"_exactmetrics_sitenote_active":false,"_exactmetrics_sitenote_note":"","_exactmetrics_sitenote_category":0},"product_brand":[],"product_cat":[26],"product_tag":[10,11,15,16],"class_list":{"0":"post-2109","1":"product","2":"type-product","3":"status-publish","4":"has-post-thumbnail","6":"product_cat-web","7":"product_tag-identidad-coporativa","8":"product_tag-internet","9":"product_tag-sitio-adaptable","10":"product_tag-sitio-web","11":"description-off","13":"first","14":"instock","15":"taxable","16":"shipping-taxable","17":"purchasable","18":"product-type-simple"},"yoast_head":"<!-- This site is optimized with the Yoast SEO Premium plugin v27.1 (Yoast SEO v27.1.1) - https:\/\/yoast.com\/product\/yoast-seo-premium-wordpress\/ -->\n<title>Sitio Web PyMes (Nivel II) - RC&amp;Media Comunicaci\u00f3n<\/title>\n<meta name=\"robots\" content=\"index, follow, max-snippet:-1, max-image-preview:large, max-video-preview:-1\" \/>\n<link rel=\"canonical\" href=\"https:\/\/rcymedia.eu\/producto\/sitio-web-pymes-nivel-ii\/\" \/>\n<meta property=\"og:locale\" content=\"pt_PT\" \/>\n<meta property=\"og:type\" content=\"article\" \/>\n<meta property=\"og:title\" content=\"Sitio Web PyMes (Nivel II)\" \/>\n<meta property=\"og:description\" content=\"Dise\u00f1o de sitio web adaptable a m\u00f3viles, con las siguientes secciones. Incluye: Dominio .com Hosting por un a\u00f1o*. Secciones: Inicio Quienes somos: rese\u00f1a sobre la empresa. Productos\/servicios: secci\u00f3n con un cat\u00e1logo\u00a0de productos y servicios (una p\u00e1gina para cada uno de ellos). Blog de noticias: con posibilidad de insertar videos, mapas, etc. Localizaci\u00f3n y contacto: formulario&hellip;\" \/>\n<meta property=\"og:url\" content=\"https:\/\/rcymedia.eu\/producto\/sitio-web-pymes-nivel-ii\/\" \/>\n<meta property=\"og:site_name\" content=\"RC&amp;Media Comunicaci\u00f3n\" \/>\n<meta property=\"article:publisher\" content=\"https:\/\/www.facebook.com\/rcymedia\" \/>\n<meta property=\"og:image\" content=\"https:\/\/rcymedia.eu\/wp-content\/uploads\/2014\/12\/mockup-template18-e1439413169796.jpg\" \/>\n\t<meta property=\"og:image:width\" content=\"1290\" \/>\n\t<meta property=\"og:image:height\" content=\"993\" \/>\n\t<meta property=\"og:image:type\" content=\"image\/jpeg\" \/>\n<meta name=\"twitter:card\" content=\"summary_large_image\" \/>\n<meta name=\"twitter:site\" content=\"@rcymedia\" \/>\n<script type=\"application\/ld+json\" class=\"yoast-schema-graph\">{\"@context\":\"https:\/\/schema.org\",\"@graph\":[{\"@type\":\"WebPage\",\"@id\":\"https:\/\/rcymedia.eu\/producto\/sitio-web-pymes-nivel-ii\/\",\"url\":\"https:\/\/rcymedia.eu\/producto\/sitio-web-pymes-nivel-ii\/\",\"name\":\"Sitio Web PyMes (Nivel II) - RC&amp;Media Comunicaci\u00f3n\",\"isPartOf\":{\"@id\":\"https:\/\/rcymedia.eu\/#website\"},\"primaryImageOfPage\":{\"@id\":\"https:\/\/rcymedia.eu\/producto\/sitio-web-pymes-nivel-ii\/#primaryimage\"},\"image\":{\"@id\":\"https:\/\/rcymedia.eu\/producto\/sitio-web-pymes-nivel-ii\/#primaryimage\"},\"thumbnailUrl\":\"https:\/\/rcymedia.eu\/wp-content\/uploads\/2014\/12\/mockup-template18-e1439413169796.jpg\",\"datePublished\":\"2015-08-12T20:56:42+00:00\",\"breadcrumb\":{\"@id\":\"https:\/\/rcymedia.eu\/producto\/sitio-web-pymes-nivel-ii\/#breadcrumb\"},\"inLanguage\":\"pt-PT\",\"potentialAction\":[{\"@type\":\"ReadAction\",\"target\":[\"https:\/\/rcymedia.eu\/producto\/sitio-web-pymes-nivel-ii\/\"]}]},{\"@type\":\"ImageObject\",\"inLanguage\":\"pt-PT\",\"@id\":\"https:\/\/rcymedia.eu\/producto\/sitio-web-pymes-nivel-ii\/#primaryimage\",\"url\":\"https:\/\/rcymedia.eu\/wp-content\/uploads\/2014\/12\/mockup-template18-e1439413169796.jpg\",\"contentUrl\":\"https:\/\/rcymedia.eu\/wp-content\/uploads\/2014\/12\/mockup-template18-e1439413169796.jpg\",\"width\":1290,\"height\":993},{\"@type\":\"BreadcrumbList\",\"@id\":\"https:\/\/rcymedia.eu\/producto\/sitio-web-pymes-nivel-ii\/#breadcrumb\",\"itemListElement\":[{\"@type\":\"ListItem\",\"position\":1,\"name\":\"Portada\",\"item\":\"https:\/\/rcymedia.eu\/\"},{\"@type\":\"ListItem\",\"position\":2,\"name\":\"Tienda\",\"item\":\"https:\/\/rcymedia.eu\/pt\/tienda\/\"},{\"@type\":\"ListItem\",\"position\":3,\"name\":\"Sitio Web PyMes (Nivel II)\"}]},{\"@type\":\"WebSite\",\"@id\":\"https:\/\/rcymedia.eu\/#website\",\"url\":\"https:\/\/rcymedia.eu\/\",\"name\":\"RC&amp;Media Comunicaci\u00f3n\",\"description\":\"Dise\u00f1o web y Comunicaci\u00f3n en Paran\u00e1, C\u00e1ceres y Badajoz\",\"potentialAction\":[{\"@type\":\"SearchAction\",\"target\":{\"@type\":\"EntryPoint\",\"urlTemplate\":\"https:\/\/rcymedia.eu\/?s={search_term_string}\"},\"query-input\":{\"@type\":\"PropertyValueSpecification\",\"valueRequired\":true,\"valueName\":\"search_term_string\"}}],\"inLanguage\":\"pt-PT\"}]}<\/script>\n<!-- \/ Yoast SEO Premium plugin. -->","yoast_head_json":{"title":"Sitio Web PyMes (Nivel II) - RC&amp;Media Comunicaci\u00f3n","robots":{"index":"index","follow":"follow","max-snippet":"max-snippet:-1","max-image-preview":"max-image-preview:large","max-video-preview":"max-video-preview:-1"},"canonical":"https:\/\/rcymedia.eu\/producto\/sitio-web-pymes-nivel-ii\/","og_locale":"pt_PT","og_type":"article","og_title":"Sitio Web PyMes (Nivel II)","og_description":"Dise\u00f1o de sitio web adaptable a m\u00f3viles, con las siguientes secciones. Incluye: Dominio .com Hosting por un a\u00f1o*. Secciones: Inicio Quienes somos: rese\u00f1a sobre la empresa. Productos\/servicios: secci\u00f3n con un cat\u00e1logo\u00a0de productos y servicios (una p\u00e1gina para cada uno de ellos). Blog de noticias: con posibilidad de insertar videos, mapas, etc. Localizaci\u00f3n y contacto: formulario&hellip;","og_url":"https:\/\/rcymedia.eu\/producto\/sitio-web-pymes-nivel-ii\/","og_site_name":"RC&amp;Media Comunicaci\u00f3n","article_publisher":"https:\/\/www.facebook.com\/rcymedia","og_image":[{"width":1290,"height":993,"url":"https:\/\/rcymedia.eu\/wp-content\/uploads\/2014\/12\/mockup-template18-e1439413169796.jpg","type":"image\/jpeg"}],"twitter_card":"summary_large_image","twitter_site":"@rcymedia","schema":{"@context":"https:\/\/schema.org","@graph":[{"@type":"WebPage","@id":"https:\/\/rcymedia.eu\/producto\/sitio-web-pymes-nivel-ii\/","url":"https:\/\/rcymedia.eu\/producto\/sitio-web-pymes-nivel-ii\/","name":"Sitio Web PyMes (Nivel II) - RC&amp;Media Comunicaci\u00f3n","isPartOf":{"@id":"https:\/\/rcymedia.eu\/#website"},"primaryImageOfPage":{"@id":"https:\/\/rcymedia.eu\/producto\/sitio-web-pymes-nivel-ii\/#primaryimage"},"image":{"@id":"https:\/\/rcymedia.eu\/producto\/sitio-web-pymes-nivel-ii\/#primaryimage"},"thumbnailUrl":"https:\/\/rcymedia.eu\/wp-content\/uploads\/2014\/12\/mockup-template18-e1439413169796.jpg","datePublished":"2015-08-12T20:56:42+00:00","breadcrumb":{"@id":"https:\/\/rcymedia.eu\/producto\/sitio-web-pymes-nivel-ii\/#breadcrumb"},"inLanguage":"pt-PT","potentialAction":[{"@type":"ReadAction","target":["https:\/\/rcymedia.eu\/producto\/sitio-web-pymes-nivel-ii\/"]}]},{"@type":"ImageObject","inLanguage":"pt-PT","@id":"https:\/\/rcymedia.eu\/producto\/sitio-web-pymes-nivel-ii\/#primaryimage","url":"https:\/\/rcymedia.eu\/wp-content\/uploads\/2014\/12\/mockup-template18-e1439413169796.jpg","contentUrl":"https:\/\/rcymedia.eu\/wp-content\/uploads\/2014\/12\/mockup-template18-e1439413169796.jpg","width":1290,"height":993},{"@type":"BreadcrumbList","@id":"https:\/\/rcymedia.eu\/producto\/sitio-web-pymes-nivel-ii\/#breadcrumb","itemListElement":[{"@type":"ListItem","position":1,"name":"Portada","item":"https:\/\/rcymedia.eu\/"},{"@type":"ListItem","position":2,"name":"Tienda","item":"https:\/\/rcymedia.eu\/pt\/tienda\/"},{"@type":"ListItem","position":3,"name":"Sitio Web PyMes (Nivel II)"}]},{"@type":"WebSite","@id":"https:\/\/rcymedia.eu\/#website","url":"https:\/\/rcymedia.eu\/","name":"RC&amp;Media Comunicaci\u00f3n","description":"Dise\u00f1o web y Comunicaci\u00f3n en Paran\u00e1, C\u00e1ceres y Badajoz","potentialAction":[{"@type":"SearchAction","target":{"@type":"EntryPoint","urlTemplate":"https:\/\/rcymedia.eu\/?s={search_term_string}"},"query-input":{"@type":"PropertyValueSpecification","valueRequired":true,"valueName":"search_term_string"}}],"inLanguage":"pt-PT"}]}},"publishpress_future_workflow_manual_trigger":{"enabledWorkflows":[]},"_links":{"self":[{"href":"https:\/\/rcymedia.eu\/pt\/wp-json\/wp\/v2\/product\/2109","targetHints":{"allow":["GET"]}}],"collection":[{"href":"https:\/\/rcymedia.eu\/pt\/wp-json\/wp\/v2\/product"}],"about":[{"href":"https:\/\/rcymedia.eu\/pt\/wp-json\/wp\/v2\/types\/product"}],"wp:featuredmedia":[{"embeddable":true,"href":"https:\/\/rcymedia.eu\/pt\/wp-json\/wp\/v2\/media\/1833"}],"wp:attachment":[{"href":"https:\/\/rcymedia.eu\/pt\/wp-json\/wp\/v2\/media?parent=2109"}],"wp:term":[{"taxonomy":"product_brand","embeddable":true,"href":"https:\/\/rcymedia.eu\/pt\/wp-json\/wp\/v2\/product_brand?post=2109"},{"taxonomy":"product_cat","embeddable":true,"href":"https:\/\/rcymedia.eu\/pt\/wp-json\/wp\/v2\/product_cat?post=2109"},{"taxonomy":"product_tag","embeddable":true,"href":"https:\/\/rcymedia.eu\/pt\/wp-json\/wp\/v2\/product_tag?post=2109"}],"curies":[{"name":"wp","href":"https:\/\/api.w.org\/{rel}","templated":true}]}}