{"id":790,"date":"2014-07-26T13:07:41","date_gmt":"2014-07-26T13:07:41","guid":{"rendered":"http:\/\/rcymedia.eu\/?page_id=790"},"modified":"2026-01-13T18:51:21","modified_gmt":"2026-01-13T17:51:21","slug":"clientes","status":"publish","type":"page","link":"https:\/\/rcymedia.eu\/pt\/clientes\/","title":{"rendered":"Algunos clientes"},"content":{"rendered":"<div class=\"wpb-content-wrapper\"><p>[vc_row type=&#8221;full_width_content&#8221; bg_position=&#8221;center center&#8221; bg_type=&#8221;theme_default&#8221; scene_position=&#8221;center&#8221; text_color=&#8221;dark&#8221; text_align=&#8221;center&#8221; vertically_center_columns=&#8221;true&#8221;][vc_column animation=&#8221;none&#8221; column_padding=&#8221;no-extra-padding&#8221; background_color_opacity=&#8221;1&#8243;]<section class=\"logos-grid wf-container\" data-width=\"180px\" data-columns=\"5\"><div class=\"wf-cell\"><div><img loading=\"lazy\" decoding=\"async\" class=\"fadeIn animate-element lazy-load\" src=\"data:image\/svg+xml;charset=utf-8,%3Csvg xmlns%3D&#039;http%3A%2F%2Fwww.w3.org%2F2000%2Fsvg&#039; viewBox%3D&#039;0 0 180 100&#039;%2F%3E\" width=\"180\" height=\"100\" alt=\"3weeks\" data-srcset=\"https:\/\/rcymedia.eu\/wp-content\/uploads\/2016\/01\/3weeks.fw_.png 180w\" data-src=\"https:\/\/rcymedia.eu\/wp-content\/uploads\/2016\/01\/3weeks.fw_.png\" \/><\/div><\/div><div class=\"wf-cell\"><div><img loading=\"lazy\" decoding=\"async\" class=\"fadeIn animate-element lazy-load\" src=\"data:image\/svg+xml;charset=utf-8,%3Csvg xmlns%3D&#039;http%3A%2F%2Fwww.w3.org%2F2000%2Fsvg&#039; viewBox%3D&#039;0 0 159 100&#039;%2F%3E\" width=\"159\" height=\"100\" alt=\"AJE Exremadura\" data-srcset=\"https:\/\/rcymedia.eu\/wp-content\/uploads\/2014\/07\/aje-logo-e1406740458336.png 159w\" data-src=\"https:\/\/rcymedia.eu\/wp-content\/uploads\/2014\/07\/aje-logo-e1406740458336.png\" \/><\/div><\/div><div class=\"wf-cell\"><div><img loading=\"lazy\" decoding=\"async\" class=\"fadeIn animate-element lazy-load\" src=\"data:image\/svg+xml;charset=utf-8,%3Csvg xmlns%3D&#039;http%3A%2F%2Fwww.w3.org%2F2000%2Fsvg&#039; viewBox%3D&#039;0 0 180 100&#039;%2F%3E\" width=\"180\" height=\"100\" alt=\"Alacena de los Monjes\" data-srcset=\"https:\/\/rcymedia.eu\/wp-content\/uploads\/2014\/07\/alacena.png 180w\" data-src=\"https:\/\/rcymedia.eu\/wp-content\/uploads\/2014\/07\/alacena.png\" \/><\/div><\/div><div class=\"wf-cell\"><div><img loading=\"lazy\" decoding=\"async\" class=\"fadeIn animate-element lazy-load\" src=\"data:image\/svg+xml;charset=utf-8,%3Csvg xmlns%3D&#039;http%3A%2F%2Fwww.w3.org%2F2000%2Fsvg&#039; viewBox%3D&#039;0 0 180 100&#039;%2F%3E\" width=\"180\" height=\"100\" alt=\"Alimentos de Extremadura\" data-srcset=\"https:\/\/rcymedia.eu\/wp-content\/uploads\/2014\/07\/alimentos.png 180w\" data-src=\"https:\/\/rcymedia.eu\/wp-content\/uploads\/2014\/07\/alimentos.png\" \/><\/div><\/div><div class=\"wf-cell\"><div><img loading=\"lazy\" decoding=\"async\" class=\"fadeIn animate-element lazy-load\" src=\"data:image\/svg+xml;charset=utf-8,%3Csvg xmlns%3D&#039;http%3A%2F%2Fwww.w3.org%2F2000%2Fsvg&#039; viewBox%3D&#039;0 0 159 100&#039;%2F%3E\" width=\"159\" height=\"100\" alt=\"Atiliano y Antonio\" data-srcset=\"https:\/\/rcymedia.eu\/wp-content\/uploads\/2014\/07\/atiliano-logo-e1406740597464.png 159w\" data-src=\"https:\/\/rcymedia.eu\/wp-content\/uploads\/2014\/07\/atiliano-logo-e1406740597464.png\" \/><\/div><\/div><div class=\"wf-cell\"><div><img loading=\"lazy\" decoding=\"async\" class=\"fadeIn animate-element lazy-load\" src=\"data:image\/svg+xml;charset=utf-8,%3Csvg xmlns%3D&#039;http%3A%2F%2Fwww.w3.org%2F2000%2Fsvg&#039; viewBox%3D&#039;0 0 180 100&#039;%2F%3E\" width=\"180\" height=\"100\" alt=\"Bamb\u00fa\" data-srcset=\"https:\/\/rcymedia.eu\/wp-content\/uploads\/2016\/01\/bambu.fw_.png 180w\" data-src=\"https:\/\/rcymedia.eu\/wp-content\/uploads\/2016\/01\/bambu.fw_.png\" \/><\/div><\/div><div class=\"wf-cell\"><div><a class=\"layzr-bg\" href=\"http:\/\/www.cajalmendralejo.es\" target=\"_blank\" title=\"\" ><img loading=\"lazy\" decoding=\"async\" class=\"fadeIn animate-element lazy-load\" src=\"data:image\/svg+xml;charset=utf-8,%3Csvg xmlns%3D&#039;http%3A%2F%2Fwww.w3.org%2F2000%2Fsvg&#039; viewBox%3D&#039;0 0 180 100&#039;%2F%3E\" width=\"180\" height=\"100\" alt=\"Cajalmendralejo\" data-srcset=\"https:\/\/rcymedia.eu\/wp-content\/uploads\/2014\/07\/cajalmendralejo.png 180w\" data-src=\"https:\/\/rcymedia.eu\/wp-content\/uploads\/2014\/07\/cajalmendralejo.png\" \/><\/a><\/div><\/div><div class=\"wf-cell\"><div><img loading=\"lazy\" decoding=\"async\" class=\"fadeIn animate-element lazy-load\" src=\"data:image\/svg+xml;charset=utf-8,%3Csvg xmlns%3D&#039;http%3A%2F%2Fwww.w3.org%2F2000%2Fsvg&#039; viewBox%3D&#039;0 0 180 100&#039;%2F%3E\" width=\"180\" height=\"100\" alt=\"Cartocor\" data-srcset=\"https:\/\/rcymedia.eu\/wp-content\/uploads\/2014\/07\/cartocor.png 180w\" data-src=\"https:\/\/rcymedia.eu\/wp-content\/uploads\/2014\/07\/cartocor.png\" \/><\/div><\/div><div class=\"wf-cell\"><div><img loading=\"lazy\" decoding=\"async\" class=\"fadeIn animate-element lazy-load\" src=\"data:image\/svg+xml;charset=utf-8,%3Csvg xmlns%3D&#039;http%3A%2F%2Fwww.w3.org%2F2000%2Fsvg&#039; viewBox%3D&#039;0 0 180 100&#039;%2F%3E\" width=\"180\" height=\"100\" alt=\"Cayena\" data-srcset=\"https:\/\/rcymedia.eu\/wp-content\/uploads\/2016\/01\/cayena.png 180w\" data-src=\"https:\/\/rcymedia.eu\/wp-content\/uploads\/2016\/01\/cayena.png\" \/><\/div><\/div><div class=\"wf-cell\"><div><img loading=\"lazy\" decoding=\"async\" class=\"fadeIn animate-element lazy-load\" src=\"data:image\/svg+xml;charset=utf-8,%3Csvg xmlns%3D&#039;http%3A%2F%2Fwww.w3.org%2F2000%2Fsvg&#039; viewBox%3D&#039;0 0 180 100&#039;%2F%3E\" width=\"180\" height=\"100\" alt=\"CEER\" data-srcset=\"https:\/\/rcymedia.eu\/wp-content\/uploads\/2016\/01\/ceer.png 180w\" data-src=\"https:\/\/rcymedia.eu\/wp-content\/uploads\/2016\/01\/ceer.png\" \/><\/div><\/div><div class=\"wf-cell\"><div><img loading=\"lazy\" decoding=\"async\" class=\"fadeIn animate-element lazy-load\" src=\"data:image\/svg+xml;charset=utf-8,%3Csvg xmlns%3D&#039;http%3A%2F%2Fwww.w3.org%2F2000%2Fsvg&#039; viewBox%3D&#039;0 0 159 100&#039;%2F%3E\" width=\"159\" height=\"100\" alt=\"chatterbox\" data-srcset=\"https:\/\/rcymedia.eu\/wp-content\/uploads\/2014\/07\/chatterbox-logo-e1406741163779.png 159w\" data-src=\"https:\/\/rcymedia.eu\/wp-content\/uploads\/2014\/07\/chatterbox-logo-e1406741163779.png\" \/><\/div><\/div><div class=\"wf-cell\"><div><img loading=\"lazy\" decoding=\"async\" class=\"fadeIn animate-element lazy-load\" src=\"data:image\/svg+xml;charset=utf-8,%3Csvg xmlns%3D&#039;http%3A%2F%2Fwww.w3.org%2F2000%2Fsvg&#039; viewBox%3D&#039;0 0 180 100&#039;%2F%3E\" width=\"180\" height=\"100\" alt=\"Electrofil Oeste\" data-srcset=\"https:\/\/rcymedia.eu\/wp-content\/uploads\/2014\/07\/electrofil.png 180w\" data-src=\"https:\/\/rcymedia.eu\/wp-content\/uploads\/2014\/07\/electrofil.png\" \/><\/div><\/div><div class=\"wf-cell\"><div><img loading=\"lazy\" decoding=\"async\" class=\"fadeIn animate-element lazy-load\" src=\"data:image\/svg+xml;charset=utf-8,%3Csvg xmlns%3D&#039;http%3A%2F%2Fwww.w3.org%2F2000%2Fsvg&#039; viewBox%3D&#039;0 0 159 100&#039;%2F%3E\" width=\"159\" height=\"100\" alt=\"Empresas en Positivo\" data-srcset=\"https:\/\/rcymedia.eu\/wp-content\/uploads\/2014\/07\/empresas-positivo-logo-e1406740697143.png 159w\" data-src=\"https:\/\/rcymedia.eu\/wp-content\/uploads\/2014\/07\/empresas-positivo-logo-e1406740697143.png\" \/><\/div><\/div><div class=\"wf-cell\"><div><img loading=\"lazy\" decoding=\"async\" class=\"fadeIn animate-element lazy-load\" src=\"data:image\/svg+xml;charset=utf-8,%3Csvg xmlns%3D&#039;http%3A%2F%2Fwww.w3.org%2F2000%2Fsvg&#039; viewBox%3D&#039;0 0 159 100&#039;%2F%3E\" width=\"159\" height=\"100\" alt=\"ensa\" data-srcset=\"https:\/\/rcymedia.eu\/wp-content\/uploads\/2014\/07\/ENSA-LOGO-e1406740649642.png 159w\" data-src=\"https:\/\/rcymedia.eu\/wp-content\/uploads\/2014\/07\/ENSA-LOGO-e1406740649642.png\" \/><\/div><\/div><div class=\"wf-cell\"><div><img loading=\"lazy\" decoding=\"async\" class=\"fadeIn animate-element lazy-load\" src=\"data:image\/svg+xml;charset=utf-8,%3Csvg xmlns%3D&#039;http%3A%2F%2Fwww.w3.org%2F2000%2Fsvg&#039; viewBox%3D&#039;0 0 180 100&#039;%2F%3E\" width=\"180\" height=\"100\" alt=\"Fast24\" data-srcset=\"https:\/\/rcymedia.eu\/wp-content\/uploads\/2016\/01\/fast24.fw_.png 180w\" data-src=\"https:\/\/rcymedia.eu\/wp-content\/uploads\/2016\/01\/fast24.fw_.png\" \/><\/div><\/div><div class=\"wf-cell\"><div><img loading=\"lazy\" decoding=\"async\" class=\"fadeIn animate-element lazy-load\" src=\"data:image\/svg+xml;charset=utf-8,%3Csvg xmlns%3D&#039;http%3A%2F%2Fwww.w3.org%2F2000%2Fsvg&#039; viewBox%3D&#039;0 0 180 100&#039;%2F%3E\" width=\"180\" height=\"100\" alt=\"FEB\" data-srcset=\"https:\/\/rcymedia.eu\/wp-content\/uploads\/2014\/07\/feb.png 180w\" data-src=\"https:\/\/rcymedia.eu\/wp-content\/uploads\/2014\/07\/feb.png\" \/><\/div><\/div><div class=\"wf-cell\"><div><img loading=\"lazy\" decoding=\"async\" class=\"fadeIn animate-element lazy-load\" src=\"data:image\/svg+xml;charset=utf-8,%3Csvg xmlns%3D&#039;http%3A%2F%2Fwww.w3.org%2F2000%2Fsvg&#039; viewBox%3D&#039;0 0 180 100&#039;%2F%3E\" width=\"180\" height=\"100\" alt=\"Gefiscal\" data-srcset=\"https:\/\/rcymedia.eu\/wp-content\/uploads\/2014\/09\/gefiscal-logo-e1452213304787.jpg 180w\" data-src=\"https:\/\/rcymedia.eu\/wp-content\/uploads\/2014\/09\/gefiscal-logo-e1452213304787.jpg\" \/><\/div><\/div><div class=\"wf-cell\"><div><img loading=\"lazy\" decoding=\"async\" class=\"fadeIn animate-element lazy-load\" src=\"data:image\/svg+xml;charset=utf-8,%3Csvg xmlns%3D&#039;http%3A%2F%2Fwww.w3.org%2F2000%2Fsvg&#039; viewBox%3D&#039;0 0 159 100&#039;%2F%3E\" width=\"159\" height=\"100\" alt=\"Gestyona\" data-srcset=\"https:\/\/rcymedia.eu\/wp-content\/uploads\/2014\/07\/gestyona-e1406740744169.png 159w\" data-src=\"https:\/\/rcymedia.eu\/wp-content\/uploads\/2014\/07\/gestyona-e1406740744169.png\" \/><\/div><\/div><div class=\"wf-cell\"><div><img loading=\"lazy\" decoding=\"async\" class=\"fadeIn animate-element lazy-load\" src=\"data:image\/svg+xml;charset=utf-8,%3Csvg xmlns%3D&#039;http%3A%2F%2Fwww.w3.org%2F2000%2Fsvg&#039; viewBox%3D&#039;0 0 180 100&#039;%2F%3E\" width=\"180\" height=\"100\" alt=\"GISVESA\" data-srcset=\"https:\/\/rcymedia.eu\/wp-content\/uploads\/2014\/07\/gisvesa.png 180w\" data-src=\"https:\/\/rcymedia.eu\/wp-content\/uploads\/2014\/07\/gisvesa.png\" \/><\/div><\/div><div class=\"wf-cell\"><div><img loading=\"lazy\" decoding=\"async\" class=\"fadeIn animate-element lazy-load\" src=\"data:image\/svg+xml;charset=utf-8,%3Csvg xmlns%3D&#039;http%3A%2F%2Fwww.w3.org%2F2000%2Fsvg&#039; viewBox%3D&#039;0 0 162 90&#039;%2F%3E\" width=\"162\" height=\"90\" alt=\"Grupo Arcor\" data-srcset=\"https:\/\/rcymedia.eu\/wp-content\/uploads\/2014\/07\/arcor-e1406741262222.png 162w\" data-src=\"https:\/\/rcymedia.eu\/wp-content\/uploads\/2014\/07\/arcor-e1406741262222.png\" \/><\/div><\/div><div class=\"wf-cell\"><div><img loading=\"lazy\" decoding=\"async\" class=\"fadeIn animate-element lazy-load\" src=\"data:image\/svg+xml;charset=utf-8,%3Csvg xmlns%3D&#039;http%3A%2F%2Fwww.w3.org%2F2000%2Fsvg&#039; viewBox%3D&#039;0 0 159 100&#039;%2F%3E\" width=\"159\" height=\"100\" alt=\"Grupo ROS\" data-srcset=\"https:\/\/rcymedia.eu\/wp-content\/uploads\/2014\/07\/grupo-ros-logo-e1406740915493.png 159w\" data-src=\"https:\/\/rcymedia.eu\/wp-content\/uploads\/2014\/07\/grupo-ros-logo-e1406740915493.png\" \/><\/div><\/div><div class=\"wf-cell\"><div><img loading=\"lazy\" decoding=\"async\" class=\"fadeIn animate-element lazy-load\" src=\"data:image\/svg+xml;charset=utf-8,%3Csvg xmlns%3D&#039;http%3A%2F%2Fwww.w3.org%2F2000%2Fsvg&#039; viewBox%3D&#039;0 0 180 100&#039;%2F%3E\" width=\"180\" height=\"100\" alt=\"Inprex\" data-srcset=\"https:\/\/rcymedia.eu\/wp-content\/uploads\/2014\/07\/inprex.png 180w\" data-src=\"https:\/\/rcymedia.eu\/wp-content\/uploads\/2014\/07\/inprex.png\" \/><\/div><\/div><div class=\"wf-cell\"><div><img loading=\"lazy\" decoding=\"async\" class=\"fadeIn animate-element lazy-load\" src=\"data:image\/svg+xml;charset=utf-8,%3Csvg xmlns%3D&#039;http%3A%2F%2Fwww.w3.org%2F2000%2Fsvg&#039; viewBox%3D&#039;0 0 180 100&#039;%2F%3E\" width=\"180\" height=\"100\" alt=\"Johnson Acero\" data-srcset=\"https:\/\/rcymedia.eu\/wp-content\/uploads\/2015\/05\/22-johnson-acero-e1452212235881.png 180w\" data-src=\"https:\/\/rcymedia.eu\/wp-content\/uploads\/2015\/05\/22-johnson-acero-e1452212235881.png\" \/><\/div><\/div><div class=\"wf-cell\"><div><img loading=\"lazy\" decoding=\"async\" class=\"fadeIn animate-element lazy-load\" src=\"data:image\/svg+xml;charset=utf-8,%3Csvg xmlns%3D&#039;http%3A%2F%2Fwww.w3.org%2F2000%2Fsvg&#039; viewBox%3D&#039;0 0 159 100&#039;%2F%3E\" width=\"159\" height=\"100\" alt=\"Kaizen\" data-srcset=\"https:\/\/rcymedia.eu\/wp-content\/uploads\/2014\/07\/kaizen-logo.png 159w\" data-src=\"https:\/\/rcymedia.eu\/wp-content\/uploads\/2014\/07\/kaizen-logo.png\" \/><\/div><\/div><div class=\"wf-cell\"><div><img loading=\"lazy\" decoding=\"async\" class=\"fadeIn animate-element lazy-load\" src=\"data:image\/svg+xml;charset=utf-8,%3Csvg xmlns%3D&#039;http%3A%2F%2Fwww.w3.org%2F2000%2Fsvg&#039; viewBox%3D&#039;0 0 180 100&#039;%2F%3E\" width=\"180\" height=\"100\" alt=\"Liderando Siempre\" data-srcset=\"https:\/\/rcymedia.eu\/wp-content\/uploads\/2014\/07\/lidernado.png 180w\" data-src=\"https:\/\/rcymedia.eu\/wp-content\/uploads\/2014\/07\/lidernado.png\" \/><\/div><\/div><div class=\"wf-cell\"><div><img loading=\"lazy\" decoding=\"async\" class=\"fadeIn animate-element lazy-load\" src=\"data:image\/svg+xml;charset=utf-8,%3Csvg xmlns%3D&#039;http%3A%2F%2Fwww.w3.org%2F2000%2Fsvg&#039; viewBox%3D&#039;0 0 159 100&#039;%2F%3E\" width=\"159\" height=\"100\" alt=\"Liga Femenina\" data-srcset=\"https:\/\/rcymedia.eu\/wp-content\/uploads\/2014\/07\/liga-femenina-logo-e1406741014159.png 159w\" data-src=\"https:\/\/rcymedia.eu\/wp-content\/uploads\/2014\/07\/liga-femenina-logo-e1406741014159.png\" \/><\/div><\/div><div class=\"wf-cell\"><div><img loading=\"lazy\" decoding=\"async\" class=\"fadeIn animate-element lazy-load\" src=\"data:image\/svg+xml;charset=utf-8,%3Csvg xmlns%3D&#039;http%3A%2F%2Fwww.w3.org%2F2000%2Fsvg&#039; viewBox%3D&#039;0 0 180 100&#039;%2F%3E\" width=\"180\" height=\"100\" alt=\"Matteria\" data-srcset=\"https:\/\/rcymedia.eu\/wp-content\/uploads\/2016\/01\/matteria.fw_.png 180w\" data-src=\"https:\/\/rcymedia.eu\/wp-content\/uploads\/2016\/01\/matteria.fw_.png\" \/><\/div><\/div><div class=\"wf-cell\"><div><img loading=\"lazy\" decoding=\"async\" class=\"fadeIn animate-element lazy-load\" src=\"data:image\/svg+xml;charset=utf-8,%3Csvg xmlns%3D&#039;http%3A%2F%2Fwww.w3.org%2F2000%2Fsvg&#039; viewBox%3D&#039;0 0 180 100&#039;%2F%3E\" width=\"180\" height=\"100\" alt=\"Obratec\" data-srcset=\"https:\/\/rcymedia.eu\/wp-content\/uploads\/2014\/07\/obratec.png 180w\" data-src=\"https:\/\/rcymedia.eu\/wp-content\/uploads\/2014\/07\/obratec.png\" \/><\/div><\/div><div class=\"wf-cell\"><div><img loading=\"lazy\" decoding=\"async\" class=\"fadeIn animate-element lazy-load\" src=\"data:image\/svg+xml;charset=utf-8,%3Csvg xmlns%3D&#039;http%3A%2F%2Fwww.w3.org%2F2000%2Fsvg&#039; viewBox%3D&#039;0 0 180 100&#039;%2F%3E\" width=\"180\" height=\"100\" alt=\"Piedra Natural de Extremadura\" data-srcset=\"https:\/\/rcymedia.eu\/wp-content\/uploads\/2014\/07\/piedra_ex.png 180w\" data-src=\"https:\/\/rcymedia.eu\/wp-content\/uploads\/2014\/07\/piedra_ex.png\" \/><\/div><\/div><div class=\"wf-cell\"><div><img loading=\"lazy\" decoding=\"async\" class=\"fadeIn animate-element lazy-load\" src=\"data:image\/svg+xml;charset=utf-8,%3Csvg xmlns%3D&#039;http%3A%2F%2Fwww.w3.org%2F2000%2Fsvg&#039; viewBox%3D&#039;0 0 159 100&#039;%2F%3E\" width=\"159\" height=\"100\" alt=\"Promoda\" data-srcset=\"https:\/\/rcymedia.eu\/wp-content\/uploads\/2014\/07\/promoda-logo-e1406740958505.png 159w\" data-src=\"https:\/\/rcymedia.eu\/wp-content\/uploads\/2014\/07\/promoda-logo-e1406740958505.png\" \/><\/div><\/div><div class=\"wf-cell\"><div><img loading=\"lazy\" decoding=\"async\" class=\"fadeIn animate-element lazy-load\" src=\"data:image\/svg+xml;charset=utf-8,%3Csvg xmlns%3D&#039;http%3A%2F%2Fwww.w3.org%2F2000%2Fsvg&#039; viewBox%3D&#039;0 0 159 100&#039;%2F%3E\" width=\"159\" height=\"100\" alt=\"Quesmor\u00e1n\" data-srcset=\"https:\/\/rcymedia.eu\/wp-content\/uploads\/2014\/07\/quesmoran-logo-e1406741121253.png 159w\" data-src=\"https:\/\/rcymedia.eu\/wp-content\/uploads\/2014\/07\/quesmoran-logo-e1406741121253.png\" \/><\/div><\/div><div class=\"wf-cell\"><div><img loading=\"lazy\" decoding=\"async\" class=\"fadeIn animate-element lazy-load\" src=\"data:image\/svg+xml;charset=utf-8,%3Csvg xmlns%3D&#039;http%3A%2F%2Fwww.w3.org%2F2000%2Fsvg&#039; viewBox%3D&#039;0 0 180 100&#039;%2F%3E\" width=\"180\" height=\"100\" alt=\"Saneba\" data-srcset=\"https:\/\/rcymedia.eu\/wp-content\/uploads\/2014\/07\/saneba1.png 180w\" data-src=\"https:\/\/rcymedia.eu\/wp-content\/uploads\/2014\/07\/saneba1.png\" \/><\/div><\/div><div class=\"wf-cell\"><div><img loading=\"lazy\" decoding=\"async\" class=\"fadeIn animate-element lazy-load\" src=\"data:image\/svg+xml;charset=utf-8,%3Csvg xmlns%3D&#039;http%3A%2F%2Fwww.w3.org%2F2000%2Fsvg&#039; viewBox%3D&#039;0 0 180 100&#039;%2F%3E\" width=\"180\" height=\"100\" alt=\"Singlar\" data-srcset=\"https:\/\/rcymedia.eu\/wp-content\/uploads\/2016\/01\/singlar.png 180w\" data-src=\"https:\/\/rcymedia.eu\/wp-content\/uploads\/2016\/01\/singlar.png\" \/><\/div><\/div><div class=\"wf-cell\"><div><img loading=\"lazy\" decoding=\"async\" class=\"fadeIn animate-element lazy-load\" src=\"data:image\/svg+xml;charset=utf-8,%3Csvg xmlns%3D&#039;http%3A%2F%2Fwww.w3.org%2F2000%2Fsvg&#039; viewBox%3D&#039;0 0 180 100&#039;%2F%3E\" width=\"180\" height=\"100\" alt=\"Sony Tiendas\" data-srcset=\"https:\/\/rcymedia.eu\/wp-content\/uploads\/2014\/07\/sony.png 180w\" data-src=\"https:\/\/rcymedia.eu\/wp-content\/uploads\/2014\/07\/sony.png\" \/><\/div><\/div><div class=\"wf-cell\"><div><img loading=\"lazy\" decoding=\"async\" class=\"fadeIn animate-element lazy-load\" src=\"data:image\/svg+xml;charset=utf-8,%3Csvg xmlns%3D&#039;http%3A%2F%2Fwww.w3.org%2F2000%2Fsvg&#039; viewBox%3D&#039;0 0 180 100&#039;%2F%3E\" width=\"180\" height=\"100\" alt=\"Tecnomateriales\" data-srcset=\"https:\/\/rcymedia.eu\/wp-content\/uploads\/2014\/07\/tecnomateriales.png 180w\" data-src=\"https:\/\/rcymedia.eu\/wp-content\/uploads\/2014\/07\/tecnomateriales.png\" \/><\/div><\/div><\/section>[\/vc_column][\/vc_row]<\/p>\n<\/div>","protected":false},"excerpt":{"rendered":"<p>[vc_row type=&#8221;full_width_content&#8221; bg_position=&#8221;center center&#8221; bg_type=&#8221;theme_default&#8221; scene_position=&#8221;center&#8221; text_color=&#8221;dark&#8221; text_align=&#8221;center&#8221; vertically_center_columns=&#8221;true&#8221;][vc_column animation=&#8221;none&#8221; column_padding=&#8221;no-extra-padding&#8221; background_color_opacity=&#8221;1&#8243;][\/vc_column][\/vc_row]<\/p>\n","protected":false},"author":1,"featured_media":0,"parent":0,"menu_order":0,"comment_status":"closed","ping_status":"closed","template":"","meta":{"_exactmetrics_skip_tracking":false,"_exactmetrics_sitenote_active":false,"_exactmetrics_sitenote_note":"","_exactmetrics_sitenote_category":0,"footnotes":""},"class_list":["post-790","page","type-page","status-publish","hentry","description-off"],"yoast_head":"<!-- This site is optimized with the Yoast SEO Premium plugin v27.1 (Yoast SEO v27.1.1) - https:\/\/yoast.com\/product\/yoast-seo-premium-wordpress\/ -->\n<title>Algunos clientes<\/title>\n<meta name=\"description\" content=\"Somos una Agencia de Comunicaci\u00f3n con base en Espa\u00f1a y Argentina capaz de brindar soluciones reales en Dise\u00f1o Gr\u00e1fico, Web y Branding.\" \/>\n<meta name=\"robots\" content=\"index, follow, max-snippet:-1, max-image-preview:large, max-video-preview:-1\" \/>\n<link rel=\"canonical\" href=\"https:\/\/rcymedia.eu\/clientes\/\" \/>\n<meta property=\"og:locale\" content=\"pt_PT\" \/>\n<meta property=\"og:type\" content=\"article\" \/>\n<meta property=\"og:title\" content=\"Algunos clientes\" \/>\n<meta property=\"og:description\" content=\"Somos una Agencia de Comunicaci\u00f3n con base en Espa\u00f1a y Argentina capaz de brindar soluciones reales en Dise\u00f1o Gr\u00e1fico, Web y Branding.\" \/>\n<meta property=\"og:url\" content=\"https:\/\/rcymedia.eu\/clientes\/\" \/>\n<meta property=\"og:site_name\" content=\"RC&amp;Media Comunicaci\u00f3n\" \/>\n<meta property=\"article:publisher\" content=\"https:\/\/www.facebook.com\/rcymedia\" \/>\n<meta property=\"article:modified_time\" content=\"2026-01-13T17:51:21+00:00\" \/>\n<meta property=\"og:image\" content=\"https:\/\/rcymedia.eu\/wp-content\/uploads\/2014\/07\/MG_7518-1600x1200-e1406302093757.jpg\" \/>\n\t<meta property=\"og:image:width\" content=\"1024\" \/>\n\t<meta property=\"og:image:height\" content=\"1024\" \/>\n\t<meta property=\"og:image:type\" content=\"image\/jpeg\" \/>\n<meta name=\"twitter:card\" content=\"summary_large_image\" \/>\n<meta name=\"twitter:site\" content=\"@rcymedia\" \/>\n<meta name=\"twitter:label1\" content=\"Tempo estimado de leitura\" \/>\n\t<meta name=\"twitter:data1\" content=\"1 minuto\" \/>\n<script type=\"application\/ld+json\" class=\"yoast-schema-graph\">{\"@context\":\"https:\/\/schema.org\",\"@graph\":[{\"@type\":\"WebPage\",\"@id\":\"https:\/\/rcymedia.eu\/clientes\/\",\"url\":\"https:\/\/rcymedia.eu\/clientes\/\",\"name\":\"Algunos clientes\",\"isPartOf\":{\"@id\":\"https:\/\/rcymedia.eu\/#website\"},\"datePublished\":\"2014-07-26T13:07:41+00:00\",\"dateModified\":\"2026-01-13T17:51:21+00:00\",\"description\":\"Somos una Agencia de Comunicaci\u00f3n con base en Espa\u00f1a y Argentina capaz de brindar soluciones reales en Dise\u00f1o Gr\u00e1fico, Web y Branding.\",\"breadcrumb\":{\"@id\":\"https:\/\/rcymedia.eu\/clientes\/#breadcrumb\"},\"inLanguage\":\"pt-PT\",\"potentialAction\":[{\"@type\":\"ReadAction\",\"target\":[\"https:\/\/rcymedia.eu\/clientes\/\"]}]},{\"@type\":\"BreadcrumbList\",\"@id\":\"https:\/\/rcymedia.eu\/clientes\/#breadcrumb\",\"itemListElement\":[{\"@type\":\"ListItem\",\"position\":1,\"name\":\"Portada\",\"item\":\"https:\/\/rcymedia.eu\/\"},{\"@type\":\"ListItem\",\"position\":2,\"name\":\"Some of our clients\"}]},{\"@type\":\"WebSite\",\"@id\":\"https:\/\/rcymedia.eu\/#website\",\"url\":\"https:\/\/rcymedia.eu\/\",\"name\":\"RC&amp;Media Comunicaci\u00f3n\",\"description\":\"Dise\u00f1o web y Comunicaci\u00f3n en Paran\u00e1, C\u00e1ceres y Badajoz\",\"potentialAction\":[{\"@type\":\"SearchAction\",\"target\":{\"@type\":\"EntryPoint\",\"urlTemplate\":\"https:\/\/rcymedia.eu\/?s={search_term_string}\"},\"query-input\":{\"@type\":\"PropertyValueSpecification\",\"valueRequired\":true,\"valueName\":\"search_term_string\"}}],\"inLanguage\":\"pt-PT\"}]}<\/script>\n<!-- \/ Yoast SEO Premium plugin. -->","yoast_head_json":{"title":"Algunos clientes","description":"Somos una Agencia de Comunicaci\u00f3n con base en Espa\u00f1a y Argentina capaz de brindar soluciones reales en Dise\u00f1o Gr\u00e1fico, Web y Branding.","robots":{"index":"index","follow":"follow","max-snippet":"max-snippet:-1","max-image-preview":"max-image-preview:large","max-video-preview":"max-video-preview:-1"},"canonical":"https:\/\/rcymedia.eu\/clientes\/","og_locale":"pt_PT","og_type":"article","og_title":"Algunos clientes","og_description":"Somos una Agencia de Comunicaci\u00f3n con base en Espa\u00f1a y Argentina capaz de brindar soluciones reales en Dise\u00f1o Gr\u00e1fico, Web y Branding.","og_url":"https:\/\/rcymedia.eu\/clientes\/","og_site_name":"RC&amp;Media Comunicaci\u00f3n","article_publisher":"https:\/\/www.facebook.com\/rcymedia","article_modified_time":"2026-01-13T17:51:21+00:00","og_image":[{"width":1024,"height":1024,"url":"https:\/\/rcymedia.eu\/wp-content\/uploads\/2014\/07\/MG_7518-1600x1200-e1406302093757.jpg","type":"image\/jpeg"}],"twitter_card":"summary_large_image","twitter_site":"@rcymedia","twitter_misc":{"Tempo estimado de leitura":"1 minuto"},"schema":{"@context":"https:\/\/schema.org","@graph":[{"@type":"WebPage","@id":"https:\/\/rcymedia.eu\/clientes\/","url":"https:\/\/rcymedia.eu\/clientes\/","name":"Algunos clientes","isPartOf":{"@id":"https:\/\/rcymedia.eu\/#website"},"datePublished":"2014-07-26T13:07:41+00:00","dateModified":"2026-01-13T17:51:21+00:00","description":"Somos una Agencia de Comunicaci\u00f3n con base en Espa\u00f1a y Argentina capaz de brindar soluciones reales en Dise\u00f1o Gr\u00e1fico, Web y Branding.","breadcrumb":{"@id":"https:\/\/rcymedia.eu\/clientes\/#breadcrumb"},"inLanguage":"pt-PT","potentialAction":[{"@type":"ReadAction","target":["https:\/\/rcymedia.eu\/clientes\/"]}]},{"@type":"BreadcrumbList","@id":"https:\/\/rcymedia.eu\/clientes\/#breadcrumb","itemListElement":[{"@type":"ListItem","position":1,"name":"Portada","item":"https:\/\/rcymedia.eu\/"},{"@type":"ListItem","position":2,"name":"Some of our clients"}]},{"@type":"WebSite","@id":"https:\/\/rcymedia.eu\/#website","url":"https:\/\/rcymedia.eu\/","name":"RC&amp;Media Comunicaci\u00f3n","description":"Dise\u00f1o web y Comunicaci\u00f3n en Paran\u00e1, C\u00e1ceres y Badajoz","potentialAction":[{"@type":"SearchAction","target":{"@type":"EntryPoint","urlTemplate":"https:\/\/rcymedia.eu\/?s={search_term_string}"},"query-input":{"@type":"PropertyValueSpecification","valueRequired":true,"valueName":"search_term_string"}}],"inLanguage":"pt-PT"}]}},"publishpress_future_action":{"enabled":false,"date":"2026-04-24 02:22:33","action":"change-status","newStatus":"draft","terms":[],"taxonomy":"","extraData":[]},"publishpress_future_workflow_manual_trigger":{"enabledWorkflows":[]},"_links":{"self":[{"href":"https:\/\/rcymedia.eu\/pt\/wp-json\/wp\/v2\/pages\/790","targetHints":{"allow":["GET"]}}],"collection":[{"href":"https:\/\/rcymedia.eu\/pt\/wp-json\/wp\/v2\/pages"}],"about":[{"href":"https:\/\/rcymedia.eu\/pt\/wp-json\/wp\/v2\/types\/page"}],"author":[{"embeddable":true,"href":"https:\/\/rcymedia.eu\/pt\/wp-json\/wp\/v2\/users\/1"}],"replies":[{"embeddable":true,"href":"https:\/\/rcymedia.eu\/pt\/wp-json\/wp\/v2\/comments?post=790"}],"version-history":[{"count":4,"href":"https:\/\/rcymedia.eu\/pt\/wp-json\/wp\/v2\/pages\/790\/revisions"}],"predecessor-version":[{"id":5059,"href":"https:\/\/rcymedia.eu\/pt\/wp-json\/wp\/v2\/pages\/790\/revisions\/5059"}],"wp:attachment":[{"href":"https:\/\/rcymedia.eu\/pt\/wp-json\/wp\/v2\/media?parent=790"}],"curies":[{"name":"wp","href":"https:\/\/api.w.org\/{rel}","templated":true}]}}