{"id":563,"date":"2014-07-25T16:08:10","date_gmt":"2014-07-25T16:08:10","guid":{"rendered":"http:\/\/rcymedia.eu\/?page_id=563"},"modified":"2018-03-26T18:17:56","modified_gmt":"2018-03-26T16:17:56","slug":"politica-de-cookies","status":"publish","type":"page","link":"https:\/\/rcymedia.eu\/pt\/politica-de-cookies\/","title":{"rendered":"Pol\u00edtica de Cookies"},"content":{"rendered":"<p><\/p>\n<p style=\"color: #676767; text-align: justify;\">Este site usa cookies pr\u00f3prios e de terceiros para oferecer uma melhor experi\u00eancia e servi\u00e7o. Ao navegar ou usar nossos servi\u00e7os, o usu\u00e1rio aceita o uso de cookies. No entanto, o usu\u00e1rio tem a op\u00e7\u00e3o de impedir a gera\u00e7\u00e3o de cookies e a elimina\u00e7\u00e3o de cookies, selecionando a op\u00e7\u00e3o correspondente em seu navegador. No caso de bloquear o uso de cookies em seu navegador, \u00e9 poss\u00edvel que alguns servi\u00e7os ou recursos do site n\u00e3o estejam dispon\u00edveis.<\/p>\n<p style=\"color: #676767; text-align: justify;\"><strong>O que \u00e9 um cookie?<\/strong><\/p>\n<p style=\"text-align: justify;\">Um cookie \u00e9 um pequeno texto que os sites enviam ao navegador e que s\u00e3o armazenados no terminal do usu\u00e1rio, que pode ser um computador pessoal, um celular, um tablet etc. Esses arquivos permitem o site lembre-se de informa\u00e7\u00f5es sobre sua visita, como idioma e op\u00e7\u00f5es preferenciais, que podem tornar sua pr\u00f3xima visita mais f\u00e1cil e tornar o site mais \u00fatil personalizando seu conte\u00fado. Os cookies desempenham um papel muito importante, melhorando a experi\u00eancia de usar a Web.<\/p>\n<p style=\"text-align: justify;\"><strong>Como os cookies s\u00e3o usados?<\/strong><\/p>\n<p style=\"text-align: justify;\">Ao navegar por este site, o usu\u00e1rio aceita que os cookies possam ser instalados em seus terminais e que eles nos permitem conhecer as seguintes informa\u00e7\u00f5es:<\/p>\n<ul style=\"text-align: justify;\">\n<li>Informa\u00e7\u00e3o estat\u00edstica sobre o uso da web.<\/li>\n<li>O &#8216;login&#8217; do usu\u00e1rio para manter a sess\u00e3o ativa na web.<\/li>\n<li>O formato da Web preferencial para acesso de dispositivos m\u00f3veis.<\/li>\n<li>As \u00faltimas pesquisas realizadas nos servi\u00e7os da Web e dados de personaliza\u00e7\u00e3o desses servi\u00e7os.<\/li>\n<li>Informa\u00e7\u00f5es sobre os an\u00fancios exibidos para o usu\u00e1rio.<\/li>\n<li>Informa\u00e7\u00f5es das pesquisas nas quais o usu\u00e1rio participou.<\/li>\n<li>Dados da conex\u00e3o com redes sociais para usu\u00e1rios que acessam seus usu\u00e1rios do Facebook ou Twitter.<\/li>\n<\/ul>\n<p style=\"text-align: justify;\"><strong>Tipos de cookies usados<\/strong><\/p>\n<p style=\"text-align: justify;\">Este site usa cookies de sess\u00e3o tempor\u00e1ria e cookies permanentes. Os cookies de sess\u00e3o armazenam dados apenas enquanto o usu\u00e1rio acessa a Web e os cookies permanentes armazenam os dados no terminal a serem acessados \u200b\u200be usados \u200b\u200bem mais de uma sess\u00e3o.<\/p>\n<p style=\"text-align: justify;\">Dependendo da finalidade para a qual os dados obtidos atrav\u00e9s dos cookies s\u00e3o processados, o site pode usar:<\/p>\n<p style=\"text-align: justify;\"><strong>Cookies T\u00e9cnicos<\/strong><\/p>\n<p style=\"text-align: justify;\">S\u00e3o aqueles que permitem ao usu\u00e1rio navegar pelo site ou aplicativo e o uso de diferentes op\u00e7\u00f5es ou servi\u00e7os que existem nele. Por exemplo, controle o tr\u00e1fego e a comunica\u00e7\u00e3o de dados, identifique a sess\u00e3o, acesse as Web Parts de acesso restrito, lembre-se dos elementos que comp\u00f5em um pedido, fa\u00e7a o pedido de registro ou participa\u00e7\u00e3o em um evento, use elementos de seguran\u00e7a durante o navega\u00e7\u00e3o e armazenamento de conte\u00fados para divulga\u00e7\u00e3o de v\u00eddeos ou som.<\/p>\n<p style=\"text-align: justify;\"><strong>Cookies de personaliza\u00e7\u00e3o<\/strong><\/p>\n<p style=\"text-align: justify;\">S\u00e3o aqueles que permitem ao usu\u00e1rio acessar o servi\u00e7o com algumas caracter\u00edsticas gerais pr\u00e9-definidas em seu terminal ou definidas pelo usu\u00e1rio. Por exemplo, o idioma, o tipo de navegador por meio do qual voc\u00ea acessa o servi\u00e7o, o design de conte\u00fado selecionado, a geolocaliza\u00e7\u00e3o do terminal e a configura\u00e7\u00e3o regional de onde o servi\u00e7o \u00e9 acessado.<\/p>\n<p style=\"text-align: justify;\"><strong>Cookies de publicidade<\/strong><\/p>\n<p style=\"text-align: justify;\">S\u00e3o aqueles que permitem o gerenciamento eficaz de espa\u00e7os publicit\u00e1rios que foram inclu\u00eddos na p\u00e1gina da Web ou no aplicativo do qual o servi\u00e7o \u00e9 fornecido. Eles permitem adaptar o conte\u00fado da publicidade para que seja relevante para o usu\u00e1rio e evitar exibir an\u00fancios que o usu\u00e1rio j\u00e1 tenha visto.<\/p>\n<p style=\"text-align: justify;\"><strong>Cookies de an\u00e1lise estat\u00edstica<\/strong><\/p>\n<p style=\"text-align: justify;\">S\u00e3o aqueles que permitem rastreamento e an\u00e1lise do comportamento dos usu\u00e1rios em sites. A informa\u00e7\u00e3o recolhida atrav\u00e9s deste tipo de cookies \u00e9 utilizada na medi\u00e7\u00e3o da atividade dos sites, aplica\u00e7\u00e3o ou plataforma e para a elabora\u00e7\u00e3o de perfis de navega\u00e7\u00e3o dos utilizadores dos referidos sites, de forma a introduzir melhorias no servi\u00e7o de acordo com dos dados de uso que os usu\u00e1rios fazem.<\/p>\n<p style=\"text-align: justify;\"><strong>Cookies de terceiros<\/strong><\/p>\n<p style=\"text-align: justify;\">Em algumas p\u00e1ginas da Web, voc\u00ea pode instalar cookies de terceiros que permitem gerenciar e melhorar os servi\u00e7os oferecidos. Por exemplo, servi\u00e7os estat\u00edsticos do Google Analytics.<\/p>\n<p style=\"text-align: justify;\"><strong>Como gerenciar cookies no navegador?<\/strong><\/p>\n<p style=\"text-align: justify;\">O usu\u00e1rio tem a op\u00e7\u00e3o de permitir, bloquear ou eliminar os cookies instalados em seu computador, configurando as op\u00e7\u00f5es do navegador instalado em seu terminal:<\/p>\n<p style=\"color: #676767; text-align: justify;\"><strong style=\"font-style: inherit;\">Para ajustar los permisos relacionados con las cookies en el Navegador\u00a0<em style=\"font-weight: inherit;\">Google Chrome<\/em>:<\/strong><\/p>\n<ul style=\"color: #676767; text-align: justify;\">\n<li style=\"font-weight: inherit; font-style: inherit;\">Hacer clic en el men\u00fa situado en la barra de herramientas.<\/li>\n<li style=\"font-weight: inherit; font-style: inherit;\">Seleccionar\u00a0<strong style=\"font-style: inherit;\">Configuraci\u00f3n<\/strong>.<\/li>\n<li style=\"font-weight: inherit; font-style: inherit;\">Hacer clic en\u00a0<strong style=\"font-style: inherit;\">Mostrar opciones avanzadas<\/strong>.<\/li>\n<li style=\"font-weight: inherit; font-style: inherit;\">En la secci\u00f3n \u201cPrivacidad\u201d hacer clic en el bot\u00f3n\u00a0<strong style=\"font-style: inherit;\">Configuraci\u00f3n de contenido<\/strong>.<\/li>\n<li style=\"font-weight: inherit; font-style: inherit;\">En la secci\u00f3n de \u201cCookies\u201d se pueden configurar las opciones.<\/li>\n<\/ul>\n<p style=\"color: #676767; text-align: justify;\"><strong>Para ajustar as permiss\u00f5es relacionadas a cookies no navegador Google Chrome:<\/strong><\/p>\n<ul style=\"color: #676767; text-align: justify;\">\n<li style=\"font-weight: inherit; font-style: inherit;\">Clique no menu localizado na barra de ferramentas.<\/li>\n<li style=\"font-weight: inherit; font-style: inherit;\">Selecione Configura\u00e7\u00f5es<\/li>\n<li style=\"font-weight: inherit; font-style: inherit;\">Clique em Mostrar op\u00e7\u00f5es avan\u00e7adas.<\/li>\n<li style=\"font-weight: inherit; font-style: inherit;\">Na se\u00e7\u00e3o &#8220;Privacidade&#8221;, clique no bot\u00e3o Configura\u00e7\u00f5es de conte\u00fado.<\/li>\n<li style=\"font-weight: inherit; font-style: inherit;\">Na se\u00e7\u00e3o &#8220;Cookies&#8221; voc\u00ea pode configurar as op\u00e7\u00f5es.<\/li>\n<\/ul>\n<p style=\"color: #676767; text-align: justify;\"><strong>Para ajustar as permiss\u00f5es relacionadas aos cookies no Navegador do Internet Explorer 9:<\/strong><\/p>\n<ul style=\"color: #676767; text-align: justify;\">\n<li style=\"font-weight: inherit; font-style: inherit;\">Na parte superior da janela do Internet Explorer, clique no menu Ferramentas.<\/li>\n<li style=\"font-weight: inherit; font-style: inherit;\">Selecione a guia Seguran\u00e7a e use a op\u00e7\u00e3o Excluir hist\u00f3rico de navega\u00e7\u00e3o para excluir cookies. Ative a caixa Cookies e clique em Remover.<\/li>\n<li style=\"font-weight: inherit; font-style: inherit;\">Selecione a guia Seguran\u00e7a e use as Configura\u00e7\u00f5es para mover o controle deslizante at\u00e9 o fim para bloquear todos os cookies ou para baixo para permitir todos os cookies. Depois disso, clique em OK.<\/li>\n<li style=\"font-weight: inherit; font-style: inherit;\">Mais informa\u00e7\u00f5es sobre o Internet Explorer<\/li>\n<\/ul>\n<p style=\"text-align: justify;\">No caso de bloquear o uso de cookies em seu navegador, \u00e9 poss\u00edvel que alguns servi\u00e7os ou recursos do site n\u00e3o estejam dispon\u00edveis.<\/p>\n<p style=\"text-align: justify;\">Em alguns navegadores, voc\u00ea pode configurar regras espec\u00edficas para gerenciar cookies por site, o que oferece um controle mais preciso sobre a privacidade. Isso significa que voc\u00ea pode desativar os cookies de todos os sites, exceto os confi\u00e1veis.<\/p>\n<p><\/p>","protected":false},"excerpt":{"rendered":"<p>Este site usa cookies pr\u00f3prios e de terceiros para oferecer uma melhor experi\u00eancia e servi\u00e7o. Ao navegar ou usar nossos servi\u00e7os, o usu\u00e1rio aceita o uso de cookies. No entanto, o usu\u00e1rio tem a op\u00e7\u00e3o de impedir a gera\u00e7\u00e3o de cookies e a elimina\u00e7\u00e3o de cookies, selecionando a op\u00e7\u00e3o correspondente em seu navegador. No caso&hellip;<\/p>\n","protected":false},"author":1,"featured_media":0,"parent":0,"menu_order":0,"comment_status":"closed","ping_status":"closed","template":"","meta":{"_exactmetrics_skip_tracking":false,"_exactmetrics_sitenote_active":false,"_exactmetrics_sitenote_note":"","_exactmetrics_sitenote_category":0,"footnotes":""},"class_list":["post-563","page","type-page","status-publish","hentry","description-off"],"yoast_head":"<!-- This site is optimized with the Yoast SEO Premium plugin v27.1 (Yoast SEO v27.1.1) - https:\/\/yoast.com\/product\/yoast-seo-premium-wordpress\/ -->\n<title>Pol\u00edtica de Cookies<\/title>\n<meta name=\"robots\" content=\"index, follow, max-snippet:-1, max-image-preview:large, max-video-preview:-1\" \/>\n<link rel=\"canonical\" href=\"https:\/\/rcymedia.eu\/politica-de-cookies\/\" \/>\n<meta property=\"og:locale\" content=\"pt_PT\" \/>\n<meta property=\"og:type\" content=\"article\" \/>\n<meta property=\"og:title\" content=\"Pol\u00edtica de Cookies\" \/>\n<meta property=\"og:description\" content=\"Este site usa cookies pr\u00f3prios e de terceiros para oferecer uma melhor experi\u00eancia e servi\u00e7o. Ao navegar ou usar nossos servi\u00e7os, o usu\u00e1rio aceita o uso de cookies. No entanto, o usu\u00e1rio tem a op\u00e7\u00e3o de impedir a gera\u00e7\u00e3o de cookies e a elimina\u00e7\u00e3o de cookies, selecionando a op\u00e7\u00e3o correspondente em seu navegador. No caso&hellip;\" \/>\n<meta property=\"og:url\" content=\"https:\/\/rcymedia.eu\/politica-de-cookies\/\" \/>\n<meta property=\"og:site_name\" content=\"RC&amp;Media Comunicaci\u00f3n\" \/>\n<meta property=\"article:publisher\" content=\"https:\/\/www.facebook.com\/rcymedia\" \/>\n<meta property=\"article:modified_time\" content=\"2018-03-26T16:17:56+00:00\" \/>\n<meta property=\"og:image\" content=\"https:\/\/rcymedia.eu\/wp-content\/uploads\/2014\/07\/MG_7518-1600x1200-e1406302093757.jpg\" \/>\n\t<meta property=\"og:image:width\" content=\"1024\" \/>\n\t<meta property=\"og:image:height\" content=\"1024\" \/>\n\t<meta property=\"og:image:type\" content=\"image\/jpeg\" \/>\n<meta name=\"twitter:card\" content=\"summary_large_image\" \/>\n<meta name=\"twitter:site\" content=\"@rcymedia\" \/>\n<meta name=\"twitter:label1\" content=\"Tempo estimado de leitura\" \/>\n\t<meta name=\"twitter:data1\" content=\"15 minutos\" \/>\n<script type=\"application\/ld+json\" class=\"yoast-schema-graph\">{\"@context\":\"https:\/\/schema.org\",\"@graph\":[{\"@type\":\"WebPage\",\"@id\":\"https:\/\/rcymedia.eu\/politica-de-cookies\/\",\"url\":\"https:\/\/rcymedia.eu\/politica-de-cookies\/\",\"name\":\"Pol\u00edtica de Cookies\",\"isPartOf\":{\"@id\":\"https:\/\/rcymedia.eu\/#website\"},\"datePublished\":\"2014-07-25T16:08:10+00:00\",\"dateModified\":\"2018-03-26T16:17:56+00:00\",\"breadcrumb\":{\"@id\":\"https:\/\/rcymedia.eu\/politica-de-cookies\/#breadcrumb\"},\"inLanguage\":\"pt-PT\",\"potentialAction\":[{\"@type\":\"ReadAction\",\"target\":[\"https:\/\/rcymedia.eu\/politica-de-cookies\/\"]}]},{\"@type\":\"BreadcrumbList\",\"@id\":\"https:\/\/rcymedia.eu\/politica-de-cookies\/#breadcrumb\",\"itemListElement\":[{\"@type\":\"ListItem\",\"position\":1,\"name\":\"Portada\",\"item\":\"https:\/\/rcymedia.eu\/\"},{\"@type\":\"ListItem\",\"position\":2,\"name\":\"Pol\u00edtica de Cookies\"}]},{\"@type\":\"WebSite\",\"@id\":\"https:\/\/rcymedia.eu\/#website\",\"url\":\"https:\/\/rcymedia.eu\/\",\"name\":\"RC&amp;Media Comunicaci\u00f3n\",\"description\":\"Dise\u00f1o web y Comunicaci\u00f3n en Paran\u00e1, C\u00e1ceres y Badajoz\",\"potentialAction\":[{\"@type\":\"SearchAction\",\"target\":{\"@type\":\"EntryPoint\",\"urlTemplate\":\"https:\/\/rcymedia.eu\/?s={search_term_string}\"},\"query-input\":{\"@type\":\"PropertyValueSpecification\",\"valueRequired\":true,\"valueName\":\"search_term_string\"}}],\"inLanguage\":\"pt-PT\"}]}<\/script>\n<!-- \/ Yoast SEO Premium plugin. -->","yoast_head_json":{"title":"Pol\u00edtica de Cookies","robots":{"index":"index","follow":"follow","max-snippet":"max-snippet:-1","max-image-preview":"max-image-preview:large","max-video-preview":"max-video-preview:-1"},"canonical":"https:\/\/rcymedia.eu\/politica-de-cookies\/","og_locale":"pt_PT","og_type":"article","og_title":"Pol\u00edtica de Cookies","og_description":"Este site usa cookies pr\u00f3prios e de terceiros para oferecer uma melhor experi\u00eancia e servi\u00e7o. Ao navegar ou usar nossos servi\u00e7os, o usu\u00e1rio aceita o uso de cookies. No entanto, o usu\u00e1rio tem a op\u00e7\u00e3o de impedir a gera\u00e7\u00e3o de cookies e a elimina\u00e7\u00e3o de cookies, selecionando a op\u00e7\u00e3o correspondente em seu navegador. No caso&hellip;","og_url":"https:\/\/rcymedia.eu\/politica-de-cookies\/","og_site_name":"RC&amp;Media Comunicaci\u00f3n","article_publisher":"https:\/\/www.facebook.com\/rcymedia","article_modified_time":"2018-03-26T16:17:56+00:00","og_image":[{"width":1024,"height":1024,"url":"https:\/\/rcymedia.eu\/wp-content\/uploads\/2014\/07\/MG_7518-1600x1200-e1406302093757.jpg","type":"image\/jpeg"}],"twitter_card":"summary_large_image","twitter_site":"@rcymedia","twitter_misc":{"Tempo estimado de leitura":"15 minutos"},"schema":{"@context":"https:\/\/schema.org","@graph":[{"@type":"WebPage","@id":"https:\/\/rcymedia.eu\/politica-de-cookies\/","url":"https:\/\/rcymedia.eu\/politica-de-cookies\/","name":"Pol\u00edtica de Cookies","isPartOf":{"@id":"https:\/\/rcymedia.eu\/#website"},"datePublished":"2014-07-25T16:08:10+00:00","dateModified":"2018-03-26T16:17:56+00:00","breadcrumb":{"@id":"https:\/\/rcymedia.eu\/politica-de-cookies\/#breadcrumb"},"inLanguage":"pt-PT","potentialAction":[{"@type":"ReadAction","target":["https:\/\/rcymedia.eu\/politica-de-cookies\/"]}]},{"@type":"BreadcrumbList","@id":"https:\/\/rcymedia.eu\/politica-de-cookies\/#breadcrumb","itemListElement":[{"@type":"ListItem","position":1,"name":"Portada","item":"https:\/\/rcymedia.eu\/"},{"@type":"ListItem","position":2,"name":"Pol\u00edtica de Cookies"}]},{"@type":"WebSite","@id":"https:\/\/rcymedia.eu\/#website","url":"https:\/\/rcymedia.eu\/","name":"RC&amp;Media Comunicaci\u00f3n","description":"Dise\u00f1o web y Comunicaci\u00f3n en Paran\u00e1, C\u00e1ceres y Badajoz","potentialAction":[{"@type":"SearchAction","target":{"@type":"EntryPoint","urlTemplate":"https:\/\/rcymedia.eu\/?s={search_term_string}"},"query-input":{"@type":"PropertyValueSpecification","valueRequired":true,"valueName":"search_term_string"}}],"inLanguage":"pt-PT"}]}},"publishpress_future_action":{"enabled":false,"date":"2026-04-13 18:27:30","action":"change-status","newStatus":"draft","terms":[],"taxonomy":"","extraData":[]},"publishpress_future_workflow_manual_trigger":{"enabledWorkflows":[]},"_links":{"self":[{"href":"https:\/\/rcymedia.eu\/pt\/wp-json\/wp\/v2\/pages\/563","targetHints":{"allow":["GET"]}}],"collection":[{"href":"https:\/\/rcymedia.eu\/pt\/wp-json\/wp\/v2\/pages"}],"about":[{"href":"https:\/\/rcymedia.eu\/pt\/wp-json\/wp\/v2\/types\/page"}],"author":[{"embeddable":true,"href":"https:\/\/rcymedia.eu\/pt\/wp-json\/wp\/v2\/users\/1"}],"replies":[{"embeddable":true,"href":"https:\/\/rcymedia.eu\/pt\/wp-json\/wp\/v2\/comments?post=563"}],"version-history":[{"count":0,"href":"https:\/\/rcymedia.eu\/pt\/wp-json\/wp\/v2\/pages\/563\/revisions"}],"wp:attachment":[{"href":"https:\/\/rcymedia.eu\/pt\/wp-json\/wp\/v2\/media?parent=563"}],"curies":[{"name":"wp","href":"https:\/\/api.w.org\/{rel}","templated":true}]}}