{"id":5173,"date":"2026-03-24T19:43:10","date_gmt":"2026-03-24T18:43:10","guid":{"rendered":"https:\/\/rcymedia.eu\/?page_id=5173"},"modified":"2026-03-26T10:47:08","modified_gmt":"2026-03-26T09:47:08","slug":"francais-dossier-rcymedia","status":"publish","type":"page","link":"https:\/\/rcymedia.eu\/pt\/francais-dossier-rcymedia\/","title":{"rendered":""},"content":{"rendered":"<div class=\"wpb-content-wrapper\"><p>[vc_row][vc_column][vc_empty_space height=&#8221;50px&#8221;][vc_message message_box_color=&#8221;success&#8221;]<\/p>\n<p style=\"text-align: center;\">DESCARGAR<\/p>\n<p style=\"text-align: center;\"><a href=\"https:\/\/rcymedia.eu\/wp-content\/uploads\/2026\/03\/dossier-rcymedia-multilenguaje.pdf\">Dossier RCYMEDIA multilenguaje<\/a><\/p>\n<p>[\/vc_message][vc_empty_space height=&#8221;50px&#8221;][\/vc_column][\/vc_row][vc_row][vc_column][vc_single_image image=&#8221;5179&#8243; img_size=&#8221;full&#8221; alignment=&#8221;center&#8221;][\/vc_column][\/vc_row]<\/p>\n<\/div>","protected":false},"excerpt":{"rendered":"<p>[vc_row][vc_column][vc_empty_space height=&#8221;50px&#8221;][vc_message message_box_color=&#8221;success&#8221;] DESCARGAR Dossier RCYMEDIA multilenguaje [\/vc_message][vc_empty_space height=&#8221;50px&#8221;][\/vc_column][\/vc_row][vc_row][vc_column][vc_single_image image=&#8221;5179&#8243; img_size=&#8221;full&#8221; alignment=&#8221;center&#8221;][\/vc_column][\/vc_row]<\/p>\n","protected":false},"author":1,"featured_media":3682,"parent":0,"menu_order":0,"comment_status":"closed","ping_status":"closed","template":"","meta":{"_exactmetrics_skip_tracking":false,"_exactmetrics_sitenote_active":false,"_exactmetrics_sitenote_note":"","_exactmetrics_sitenote_category":0,"footnotes":""},"class_list":["post-5173","page","type-page","status-publish","has-post-thumbnail","hentry","description-off"],"yoast_head":"<!-- This site is optimized with the Yoast SEO Premium plugin v27.1 (Yoast SEO v27.1.1) - https:\/\/yoast.com\/product\/yoast-seo-premium-wordpress\/ -->\n<title>(Fran\u00e7ais) Dossier RCYMEDIA<\/title>\n<meta name=\"robots\" content=\"index, follow, max-snippet:-1, max-image-preview:large, max-video-preview:-1\" \/>\n<link rel=\"canonical\" href=\"https:\/\/rcymedia.eu\/francais-dossier-rcymedia\/\" \/>\n<meta property=\"og:locale\" content=\"pt_PT\" \/>\n<meta property=\"og:type\" content=\"article\" \/>\n<meta property=\"og:title\" content=\"(Fran\u00e7ais) Dossier RCYMEDIA\" \/>\n<meta property=\"og:description\" content=\"[vc_row][vc_column][vc_empty_space height=&#8221;50px&#8221;][vc_message message_box_color=&#8221;success&#8221;] DESCARGAR Dossier RCYMEDIA multilenguaje [\/vc_message][vc_empty_space height=&#8221;50px&#8221;][\/vc_column][\/vc_row][vc_row][vc_column][vc_single_image image=&#8221;5179&#8243; img_size=&#8221;full&#8221; alignment=&#8221;center&#8221;][\/vc_column][\/vc_row]\" \/>\n<meta property=\"og:url\" content=\"https:\/\/rcymedia.eu\/francais-dossier-rcymedia\/\" \/>\n<meta property=\"og:site_name\" content=\"RC&amp;Media Comunicaci\u00f3n\" \/>\n<meta property=\"article:publisher\" content=\"https:\/\/www.facebook.com\/rcymedia\" \/>\n<meta property=\"article:modified_time\" content=\"2026-03-26T09:47:08+00:00\" \/>\n<meta property=\"og:image\" content=\"https:\/\/rcymedia.eu\/wp-content\/uploads\/2014\/08\/IMG_7518-1600x1200.jpg\" \/>\n\t<meta property=\"og:image:width\" content=\"1600\" \/>\n\t<meta property=\"og:image:height\" content=\"1067\" \/>\n\t<meta property=\"og:image:type\" content=\"image\/jpeg\" \/>\n<meta name=\"twitter:card\" content=\"summary_large_image\" \/>\n<meta name=\"twitter:site\" content=\"@rcymedia\" \/>\n<script type=\"application\/ld+json\" class=\"yoast-schema-graph\">{\"@context\":\"https:\/\/schema.org\",\"@graph\":[{\"@type\":\"WebPage\",\"@id\":\"https:\/\/rcymedia.eu\/francais-dossier-rcymedia\/\",\"url\":\"https:\/\/rcymedia.eu\/francais-dossier-rcymedia\/\",\"name\":\"(Fran\u00e7ais) Dossier RCYMEDIA\",\"isPartOf\":{\"@id\":\"https:\/\/rcymedia.eu\/#website\"},\"primaryImageOfPage\":{\"@id\":\"https:\/\/rcymedia.eu\/francais-dossier-rcymedia\/#primaryimage\"},\"image\":{\"@id\":\"https:\/\/rcymedia.eu\/francais-dossier-rcymedia\/#primaryimage\"},\"thumbnailUrl\":\"https:\/\/rcymedia.eu\/wp-content\/uploads\/2014\/08\/IMG_7518-1600x1200.jpg\",\"datePublished\":\"2026-03-24T18:43:10+00:00\",\"dateModified\":\"2026-03-26T09:47:08+00:00\",\"inLanguage\":\"pt-PT\",\"potentialAction\":[{\"@type\":\"ReadAction\",\"target\":[\"https:\/\/rcymedia.eu\/francais-dossier-rcymedia\/\"]}]},{\"@type\":\"ImageObject\",\"inLanguage\":\"pt-PT\",\"@id\":\"https:\/\/rcymedia.eu\/francais-dossier-rcymedia\/#primaryimage\",\"url\":\"https:\/\/rcymedia.eu\/wp-content\/uploads\/2014\/08\/IMG_7518-1600x1200.jpg\",\"contentUrl\":\"https:\/\/rcymedia.eu\/wp-content\/uploads\/2014\/08\/IMG_7518-1600x1200.jpg\",\"width\":1600,\"height\":1067,\"caption\":\"Dise\u00f1o web y Comunicaci\u00f3n en Paran\u00e1, C\u00e1ceres y Badajoz\"},{\"@type\":\"WebSite\",\"@id\":\"https:\/\/rcymedia.eu\/#website\",\"url\":\"https:\/\/rcymedia.eu\/\",\"name\":\"RC&amp;Media Comunicaci\u00f3n\",\"description\":\"Dise\u00f1o web y Comunicaci\u00f3n en Paran\u00e1, C\u00e1ceres y Badajoz\",\"potentialAction\":[{\"@type\":\"SearchAction\",\"target\":{\"@type\":\"EntryPoint\",\"urlTemplate\":\"https:\/\/rcymedia.eu\/?s={search_term_string}\"},\"query-input\":{\"@type\":\"PropertyValueSpecification\",\"valueRequired\":true,\"valueName\":\"search_term_string\"}}],\"inLanguage\":\"pt-PT\"}]}<\/script>\n<!-- \/ Yoast SEO Premium plugin. -->","yoast_head_json":{"title":"(Fran\u00e7ais) Dossier RCYMEDIA","robots":{"index":"index","follow":"follow","max-snippet":"max-snippet:-1","max-image-preview":"max-image-preview:large","max-video-preview":"max-video-preview:-1"},"canonical":"https:\/\/rcymedia.eu\/francais-dossier-rcymedia\/","og_locale":"pt_PT","og_type":"article","og_title":"(Fran\u00e7ais) Dossier RCYMEDIA","og_description":"[vc_row][vc_column][vc_empty_space height=&#8221;50px&#8221;][vc_message message_box_color=&#8221;success&#8221;] DESCARGAR Dossier RCYMEDIA multilenguaje [\/vc_message][vc_empty_space height=&#8221;50px&#8221;][\/vc_column][\/vc_row][vc_row][vc_column][vc_single_image image=&#8221;5179&#8243; img_size=&#8221;full&#8221; alignment=&#8221;center&#8221;][\/vc_column][\/vc_row]","og_url":"https:\/\/rcymedia.eu\/francais-dossier-rcymedia\/","og_site_name":"RC&amp;Media Comunicaci\u00f3n","article_publisher":"https:\/\/www.facebook.com\/rcymedia","article_modified_time":"2026-03-26T09:47:08+00:00","og_image":[{"width":1600,"height":1067,"url":"https:\/\/rcymedia.eu\/wp-content\/uploads\/2014\/08\/IMG_7518-1600x1200.jpg","type":"image\/jpeg"}],"twitter_card":"summary_large_image","twitter_site":"@rcymedia","schema":{"@context":"https:\/\/schema.org","@graph":[{"@type":"WebPage","@id":"https:\/\/rcymedia.eu\/francais-dossier-rcymedia\/","url":"https:\/\/rcymedia.eu\/francais-dossier-rcymedia\/","name":"(Fran\u00e7ais) Dossier RCYMEDIA","isPartOf":{"@id":"https:\/\/rcymedia.eu\/#website"},"primaryImageOfPage":{"@id":"https:\/\/rcymedia.eu\/francais-dossier-rcymedia\/#primaryimage"},"image":{"@id":"https:\/\/rcymedia.eu\/francais-dossier-rcymedia\/#primaryimage"},"thumbnailUrl":"https:\/\/rcymedia.eu\/wp-content\/uploads\/2014\/08\/IMG_7518-1600x1200.jpg","datePublished":"2026-03-24T18:43:10+00:00","dateModified":"2026-03-26T09:47:08+00:00","inLanguage":"pt-PT","potentialAction":[{"@type":"ReadAction","target":["https:\/\/rcymedia.eu\/francais-dossier-rcymedia\/"]}]},{"@type":"ImageObject","inLanguage":"pt-PT","@id":"https:\/\/rcymedia.eu\/francais-dossier-rcymedia\/#primaryimage","url":"https:\/\/rcymedia.eu\/wp-content\/uploads\/2014\/08\/IMG_7518-1600x1200.jpg","contentUrl":"https:\/\/rcymedia.eu\/wp-content\/uploads\/2014\/08\/IMG_7518-1600x1200.jpg","width":1600,"height":1067,"caption":"Dise\u00f1o web y Comunicaci\u00f3n en Paran\u00e1, C\u00e1ceres y Badajoz"},{"@type":"WebSite","@id":"https:\/\/rcymedia.eu\/#website","url":"https:\/\/rcymedia.eu\/","name":"RC&amp;Media Comunicaci\u00f3n","description":"Dise\u00f1o web y Comunicaci\u00f3n en Paran\u00e1, C\u00e1ceres y Badajoz","potentialAction":[{"@type":"SearchAction","target":{"@type":"EntryPoint","urlTemplate":"https:\/\/rcymedia.eu\/?s={search_term_string}"},"query-input":{"@type":"PropertyValueSpecification","valueRequired":true,"valueName":"search_term_string"}}],"inLanguage":"pt-PT"}]}},"publishpress_future_action":{"enabled":false,"date":"2026-05-06 22:32:11","action":"change-status","newStatus":"draft","terms":[],"taxonomy":"","extraData":[]},"publishpress_future_workflow_manual_trigger":{"enabledWorkflows":[]},"_links":{"self":[{"href":"https:\/\/rcymedia.eu\/pt\/wp-json\/wp\/v2\/pages\/5173","targetHints":{"allow":["GET"]}}],"collection":[{"href":"https:\/\/rcymedia.eu\/pt\/wp-json\/wp\/v2\/pages"}],"about":[{"href":"https:\/\/rcymedia.eu\/pt\/wp-json\/wp\/v2\/types\/page"}],"author":[{"embeddable":true,"href":"https:\/\/rcymedia.eu\/pt\/wp-json\/wp\/v2\/users\/1"}],"replies":[{"embeddable":true,"href":"https:\/\/rcymedia.eu\/pt\/wp-json\/wp\/v2\/comments?post=5173"}],"version-history":[{"count":3,"href":"https:\/\/rcymedia.eu\/pt\/wp-json\/wp\/v2\/pages\/5173\/revisions"}],"predecessor-version":[{"id":5180,"href":"https:\/\/rcymedia.eu\/pt\/wp-json\/wp\/v2\/pages\/5173\/revisions\/5180"}],"wp:featuredmedia":[{"embeddable":true,"href":"https:\/\/rcymedia.eu\/pt\/wp-json\/wp\/v2\/media\/3682"}],"wp:attachment":[{"href":"https:\/\/rcymedia.eu\/pt\/wp-json\/wp\/v2\/media?parent=5173"}],"curies":[{"name":"wp","href":"https:\/\/api.w.org\/{rel}","templated":true}]}}