{"id":4456,"date":"2018-05-28T17:25:46","date_gmt":"2018-05-28T15:25:46","guid":{"rendered":"https:\/\/rcymedia.eu\/?page_id=4456"},"modified":"2026-01-12T11:04:24","modified_gmt":"2026-01-12T10:04:24","slug":"tratamiento-de-datos-personales","status":"publish","type":"page","link":"https:\/\/rcymedia.eu\/pt\/tratamiento-de-datos-personales\/","title":{"rendered":"Tratamento de dados pessoais"},"content":{"rendered":"<div class=\"wpb-content-wrapper\"><p>[vc_row][vc_column][vc_column_text css=&#8221;&#8221;]<\/p>\n<p data-path-to-node=\"2\"><b data-path-to-node=\"2\" data-index-in-node=\"0\">RC&amp;MEDIA COMUNICACI\u00d3N S.L<\/b> \u00e9 o Respons\u00e1vel pelo tratamento dos dados pessoais do Utilizador e informa que estes dados ser\u00e3o tratados em conformidade com o disposto no Regulamento (UE) 2016\/679 de 27 de abril de 2016 (RGPD), pelo que se faculta a seguinte informa\u00e7\u00e3o sobre o tratamento:<\/p>\n<ul data-path-to-node=\"3\">\n<li>\n<p data-path-to-node=\"3,0,0\"><b data-path-to-node=\"3,0,0\" data-index-in-node=\"0\">Finalidade do tratamento:<\/b> manter uma rela\u00e7\u00e3o comercial e o envio de comunica\u00e7\u00f5es sobre os nossos produtos e servi\u00e7os.<\/p>\n<\/li>\n<li>\n<p data-path-to-node=\"3,1,0\"><b data-path-to-node=\"3,1,0\" data-index-in-node=\"0\">Crit\u00e9rios de conserva\u00e7\u00e3o dos dados:<\/b> ser\u00e3o conservados enquanto existir um interesse m\u00fatuo para manter a finalidade do tratamento e, quando j\u00e1 n\u00e3o forem necess\u00e1rios para tal fim, ser\u00e3o eliminados com medidas de seguran\u00e7a adequadas para garantir a pseudonimiza\u00e7\u00e3o dos dados ou a destrui\u00e7\u00e3o total dos mesmos.<\/p>\n<\/li>\n<li>\n<p data-path-to-node=\"3,2,0\"><b data-path-to-node=\"3,2,0\" data-index-in-node=\"0\">Comunica\u00e7\u00e3o dos dados:<\/b> os dados poder\u00e3o ser cedidos a destinat\u00e1rios apenas para efeitos de cumprimento da finalidade do tratamento. Se for o caso, o utilizador ser\u00e1 informado sobre os mesmos antes de se proceder \u00e0 ced\u00e3o.<\/p>\n<\/li>\n<li>\n<p data-path-to-node=\"3,3,0\"><b data-path-to-node=\"3,3,0\" data-index-in-node=\"0\">Direitos do Utilizador:<\/b><\/p>\n<ul data-path-to-node=\"3,3,1\">\n<li>\n<p data-path-to-node=\"3,3,1,0,0\">Direito de retirar o consentimento em qualquer momento.<\/p>\n<\/li>\n<li>\n<p data-path-to-node=\"3,3,1,1,0\">Direito de acesso, retifica\u00e7\u00e3o, portabilidade e elimina\u00e7\u00e3o dos seus dados e \u00e0 limita\u00e7\u00e3o ou oposi\u00e7\u00e3o ao seu tratamento.<\/p>\n<\/li>\n<li>\n<p data-path-to-node=\"3,3,1,2,0\">Direito de apresentar uma reclama\u00e7\u00e3o perante a Autoridade de controlo (em Portugal, a CNPD &#8211; www.cnpd.pt \/ em Espanha, www.agpd.es) se considerar que o tratamento n\u00e3o se ajusta \u00e0 normativa vigente.<\/p>\n<\/li>\n<\/ul>\n<\/li>\n<li>\n<p data-path-to-node=\"3,4,0\"><b data-path-to-node=\"3,4,0\" data-index-in-node=\"0\">Dados de contacto para exercer os seus direitos:<\/b> soporte@rcymedia.eu<\/p>\n<\/li>\n<\/ul>\n<p>[\/vc_column_text][\/vc_column][\/vc_row]<\/p>\n<\/div>","protected":false},"excerpt":{"rendered":"<p>[vc_row][vc_column][vc_column_text css=&#8221;&#8221;] RC&amp;MEDIA COMUNICACI\u00d3N S.L \u00e9 o Respons\u00e1vel pelo tratamento dos dados pessoais do Utilizador e informa que estes dados ser\u00e3o tratados em conformidade com o disposto no Regulamento (UE) 2016\/679 de 27 de abril de 2016 (RGPD), pelo que se faculta a seguinte informa\u00e7\u00e3o sobre o tratamento: Finalidade do tratamento: manter uma rela\u00e7\u00e3o comercial&hellip;<\/p>\n","protected":false},"author":3,"featured_media":0,"parent":0,"menu_order":0,"comment_status":"closed","ping_status":"closed","template":"","meta":{"_exactmetrics_skip_tracking":false,"_exactmetrics_sitenote_active":false,"_exactmetrics_sitenote_note":"","_exactmetrics_sitenote_category":0,"footnotes":""},"class_list":["post-4456","page","type-page","status-publish","hentry","description-off"],"yoast_head":"<!-- This site is optimized with the Yoast SEO Premium plugin v27.1 (Yoast SEO v27.1.1) - https:\/\/yoast.com\/product\/yoast-seo-premium-wordpress\/ -->\n<title>Tratamento de dados pessoais<\/title>\n<meta name=\"robots\" content=\"index, follow, max-snippet:-1, max-image-preview:large, max-video-preview:-1\" \/>\n<link rel=\"canonical\" href=\"https:\/\/rcymedia.eu\/tratamiento-de-datos-personales\/\" \/>\n<meta property=\"og:locale\" content=\"pt_PT\" \/>\n<meta property=\"og:type\" content=\"article\" \/>\n<meta property=\"og:title\" content=\"Tratamento de dados pessoais\" \/>\n<meta property=\"og:description\" content=\"[vc_row][vc_column][vc_column_text css=&#8221;&#8221;] RC&amp;MEDIA COMUNICACI\u00d3N S.L \u00e9 o Respons\u00e1vel pelo tratamento dos dados pessoais do Utilizador e informa que estes dados ser\u00e3o tratados em conformidade com o disposto no Regulamento (UE) 2016\/679 de 27 de abril de 2016 (RGPD), pelo que se faculta a seguinte informa\u00e7\u00e3o sobre o tratamento: Finalidade do tratamento: manter uma rela\u00e7\u00e3o comercial&hellip;\" \/>\n<meta property=\"og:url\" content=\"https:\/\/rcymedia.eu\/tratamiento-de-datos-personales\/\" \/>\n<meta property=\"og:site_name\" content=\"RC&amp;Media Comunicaci\u00f3n\" \/>\n<meta property=\"article:publisher\" content=\"https:\/\/www.facebook.com\/rcymedia\" \/>\n<meta property=\"article:modified_time\" content=\"2026-01-12T10:04:24+00:00\" \/>\n<meta property=\"og:image\" content=\"https:\/\/rcymedia.eu\/wp-content\/uploads\/2014\/07\/MG_7518-1600x1200-e1406302093757.jpg\" \/>\n\t<meta property=\"og:image:width\" content=\"1024\" \/>\n\t<meta property=\"og:image:height\" content=\"1024\" \/>\n\t<meta property=\"og:image:type\" content=\"image\/jpeg\" \/>\n<meta name=\"twitter:card\" content=\"summary_large_image\" \/>\n<meta name=\"twitter:site\" content=\"@rcymedia\" \/>\n<meta name=\"twitter:label1\" content=\"Tempo estimado de leitura\" \/>\n\t<meta name=\"twitter:data1\" content=\"1 minuto\" \/>\n<script type=\"application\/ld+json\" class=\"yoast-schema-graph\">{\"@context\":\"https:\/\/schema.org\",\"@graph\":[{\"@type\":\"WebPage\",\"@id\":\"https:\/\/rcymedia.eu\/tratamiento-de-datos-personales\/\",\"url\":\"https:\/\/rcymedia.eu\/tratamiento-de-datos-personales\/\",\"name\":\"Tratamento de dados pessoais\",\"isPartOf\":{\"@id\":\"https:\/\/rcymedia.eu\/#website\"},\"datePublished\":\"2018-05-28T15:25:46+00:00\",\"dateModified\":\"2026-01-12T10:04:24+00:00\",\"breadcrumb\":{\"@id\":\"https:\/\/rcymedia.eu\/tratamiento-de-datos-personales\/#breadcrumb\"},\"inLanguage\":\"pt-PT\",\"potentialAction\":[{\"@type\":\"ReadAction\",\"target\":[\"https:\/\/rcymedia.eu\/tratamiento-de-datos-personales\/\"]}]},{\"@type\":\"BreadcrumbList\",\"@id\":\"https:\/\/rcymedia.eu\/tratamiento-de-datos-personales\/#breadcrumb\",\"itemListElement\":[{\"@type\":\"ListItem\",\"position\":1,\"name\":\"Portada\",\"item\":\"https:\/\/rcymedia.eu\/\"},{\"@type\":\"ListItem\",\"position\":2,\"name\":\"Tratamiento de datos personales\"}]},{\"@type\":\"WebSite\",\"@id\":\"https:\/\/rcymedia.eu\/#website\",\"url\":\"https:\/\/rcymedia.eu\/\",\"name\":\"RC&amp;Media Comunicaci\u00f3n\",\"description\":\"Dise\u00f1o web y Comunicaci\u00f3n en Paran\u00e1, C\u00e1ceres y Badajoz\",\"potentialAction\":[{\"@type\":\"SearchAction\",\"target\":{\"@type\":\"EntryPoint\",\"urlTemplate\":\"https:\/\/rcymedia.eu\/?s={search_term_string}\"},\"query-input\":{\"@type\":\"PropertyValueSpecification\",\"valueRequired\":true,\"valueName\":\"search_term_string\"}}],\"inLanguage\":\"pt-PT\"}]}<\/script>\n<!-- \/ Yoast SEO Premium plugin. -->","yoast_head_json":{"title":"Tratamento de dados pessoais","robots":{"index":"index","follow":"follow","max-snippet":"max-snippet:-1","max-image-preview":"max-image-preview:large","max-video-preview":"max-video-preview:-1"},"canonical":"https:\/\/rcymedia.eu\/tratamiento-de-datos-personales\/","og_locale":"pt_PT","og_type":"article","og_title":"Tratamento de dados pessoais","og_description":"[vc_row][vc_column][vc_column_text css=&#8221;&#8221;] RC&amp;MEDIA COMUNICACI\u00d3N S.L \u00e9 o Respons\u00e1vel pelo tratamento dos dados pessoais do Utilizador e informa que estes dados ser\u00e3o tratados em conformidade com o disposto no Regulamento (UE) 2016\/679 de 27 de abril de 2016 (RGPD), pelo que se faculta a seguinte informa\u00e7\u00e3o sobre o tratamento: Finalidade do tratamento: manter uma rela\u00e7\u00e3o comercial&hellip;","og_url":"https:\/\/rcymedia.eu\/tratamiento-de-datos-personales\/","og_site_name":"RC&amp;Media Comunicaci\u00f3n","article_publisher":"https:\/\/www.facebook.com\/rcymedia","article_modified_time":"2026-01-12T10:04:24+00:00","og_image":[{"width":1024,"height":1024,"url":"https:\/\/rcymedia.eu\/wp-content\/uploads\/2014\/07\/MG_7518-1600x1200-e1406302093757.jpg","type":"image\/jpeg"}],"twitter_card":"summary_large_image","twitter_site":"@rcymedia","twitter_misc":{"Tempo estimado de leitura":"1 minuto"},"schema":{"@context":"https:\/\/schema.org","@graph":[{"@type":"WebPage","@id":"https:\/\/rcymedia.eu\/tratamiento-de-datos-personales\/","url":"https:\/\/rcymedia.eu\/tratamiento-de-datos-personales\/","name":"Tratamento de dados pessoais","isPartOf":{"@id":"https:\/\/rcymedia.eu\/#website"},"datePublished":"2018-05-28T15:25:46+00:00","dateModified":"2026-01-12T10:04:24+00:00","breadcrumb":{"@id":"https:\/\/rcymedia.eu\/tratamiento-de-datos-personales\/#breadcrumb"},"inLanguage":"pt-PT","potentialAction":[{"@type":"ReadAction","target":["https:\/\/rcymedia.eu\/tratamiento-de-datos-personales\/"]}]},{"@type":"BreadcrumbList","@id":"https:\/\/rcymedia.eu\/tratamiento-de-datos-personales\/#breadcrumb","itemListElement":[{"@type":"ListItem","position":1,"name":"Portada","item":"https:\/\/rcymedia.eu\/"},{"@type":"ListItem","position":2,"name":"Tratamiento de datos personales"}]},{"@type":"WebSite","@id":"https:\/\/rcymedia.eu\/#website","url":"https:\/\/rcymedia.eu\/","name":"RC&amp;Media Comunicaci\u00f3n","description":"Dise\u00f1o web y Comunicaci\u00f3n en Paran\u00e1, C\u00e1ceres y Badajoz","potentialAction":[{"@type":"SearchAction","target":{"@type":"EntryPoint","urlTemplate":"https:\/\/rcymedia.eu\/?s={search_term_string}"},"query-input":{"@type":"PropertyValueSpecification","valueRequired":true,"valueName":"search_term_string"}}],"inLanguage":"pt-PT"}]}},"publishpress_future_action":{"enabled":false,"date":"2026-04-15 09:17:22","action":"change-status","newStatus":"draft","terms":[],"taxonomy":"","extraData":[]},"publishpress_future_workflow_manual_trigger":{"enabledWorkflows":[]},"_links":{"self":[{"href":"https:\/\/rcymedia.eu\/pt\/wp-json\/wp\/v2\/pages\/4456","targetHints":{"allow":["GET"]}}],"collection":[{"href":"https:\/\/rcymedia.eu\/pt\/wp-json\/wp\/v2\/pages"}],"about":[{"href":"https:\/\/rcymedia.eu\/pt\/wp-json\/wp\/v2\/types\/page"}],"author":[{"embeddable":true,"href":"https:\/\/rcymedia.eu\/pt\/wp-json\/wp\/v2\/users\/3"}],"replies":[{"embeddable":true,"href":"https:\/\/rcymedia.eu\/pt\/wp-json\/wp\/v2\/comments?post=4456"}],"version-history":[{"count":3,"href":"https:\/\/rcymedia.eu\/pt\/wp-json\/wp\/v2\/pages\/4456\/revisions"}],"predecessor-version":[{"id":5020,"href":"https:\/\/rcymedia.eu\/pt\/wp-json\/wp\/v2\/pages\/4456\/revisions\/5020"}],"wp:attachment":[{"href":"https:\/\/rcymedia.eu\/pt\/wp-json\/wp\/v2\/media?parent=4456"}],"curies":[{"name":"wp","href":"https:\/\/api.w.org\/{rel}","templated":true}]}}