{"id":2158,"date":"2015-09-28T21:09:45","date_gmt":"2015-09-29T00:09:45","guid":{"rendered":"http:\/\/rcymedia.eu\/?page_id=2158"},"modified":"2026-01-13T12:47:08","modified_gmt":"2026-01-13T11:47:08","slug":"politica-de-privacidad","status":"publish","type":"page","link":"https:\/\/rcymedia.eu\/fr\/politica-de-privacidad\/","title":{"rendered":"Politique de Confidentialit\u00e9"},"content":{"rendered":"<div class=\"wpb-content-wrapper\"><p>[vc_row][vc_column][vc_column_text css=&#8221;&#8221;]<\/p>\n<p data-path-to-node=\"15\"><b data-path-to-node=\"15\" data-index-in-node=\"0\">INFORMATION \u00c0 L&#8217;UTILISATEUR<\/b> RC&amp;MEDIA COMUNICACI\u00d3N S.L, ci-apr\u00e8s le RESPONSABLE, est le Responsable du traitement des donn\u00e9es personnelles de l&#8217;Utilisateur et vous informe que ces donn\u00e9es seront trait\u00e9es conform\u00e9ment aux dispositions du R\u00e8glement (UE) 2016\/679 du 27 avril 2016 (RGPD) relatif \u00e0 la protection des personnes physiques \u00e0 l&#8217;\u00e9gard du traitement des donn\u00e9es \u00e0 caract\u00e8re personnel et \u00e0 la libre circulation de ces donn\u00e9es. \u00c0 ce titre, les informations suivantes concernant le traitement vous sont communiqu\u00e9es : <b data-path-to-node=\"15\" data-index-in-node=\"521\">Finalit\u00e9 du traitement :<\/b> maintenir une relation commerciale avec l&#8217;Utilisate<span class=\"citation-668 citation-end-668\">ur. Les op\u00e9rations pr\u00e9vues pour r\u00e9aliser le traitement sont :<\/span><\/p>\n<div class=\"source-inline-chip-container ng-star-inserted\"><\/div>\n<ul data-path-to-node=\"16\">\n<li>\n<p data-path-to-node=\"16,0,0\"><span class=\"citation-667\">Envoi de communications commer<\/span><span class=\"citation-666 citation-667 citation-end-667\">ciales publicitaires par e-mail, fax, SMS, MMS, r\u00e9seaux sociaux ou tout autre moyen \u00e9lectronique ou physique, pr\u00e9sen<\/span><span class=\"citation-666 citation-end-666\">t ou futur, permettant de r\u00e9aliser des communications commerciales. Ces communications seront effectu\u00e9es par le RESPONSABLE et concerneront ses produits <\/span>et services, ou ceux de ses collaborateurs ou fournisseurs avec lesquels il a conclu un accord de promotion. Dans ce cas, les tiers n&#8217;auront jamais acc\u00e8s aux donn\u00e9es personnelles.<\/p>\n<div class=\"source-inline-chip-container ng-star-inserted\"><\/div>\n<\/li>\n<li>\n<p data-path-to-node=\"16,1,0\">R\u00e9alisation d&#8217;\u00e9tudes statistiques.<\/p>\n<\/li>\n<li>\n<p data-path-to-node=\"16,2,0\">Traitement des commandes, demandes ou tout type de requ\u00eate effectu\u00e9e par l&#8217;utilisateur via l&#8217;un des modes de contact mis \u00e0 sa disposition.<\/p>\n<\/li>\n<li>\n<p data-path-to-node=\"16,3,0\">Envoi de la newsletter du site web. <b data-path-to-node=\"16,3,0\" data-index-in-node=\"36\">Crit\u00e8res de conservation des donn\u00e9es :<\/b> elles seront conserv\u00e9es tant qu&#8217;il existera un int\u00e9r\u00eat mutuel pour maintenir la finalit\u00e9 du traitement. Lorsqu&#8217;elles ne seront plus n\u00e9cessaires \u00e0 cette fin, elles seront supprim\u00e9es avec des mesures de s\u00e9curit\u00e9 appropri\u00e9es pour garantir la pseudonymisation des donn\u00e9es ou leur destruction totale. <b data-path-to-node=\"16,3,0\" data-index-in-node=\"371\">Com<span class=\"citation-665\">munication des donn\u00e9es :<\/span><\/b><span class=\"citation-665 citation-end-665\"> Les donn\u00e9es ne seront pas communiqu\u00e9es \u00e0 des tiers, sauf obligation l\u00e9gale.<\/span> <b data-path-to-node=\"16,3,0\" data-index-in-node=\"475\"><span class=\"citation-664 citation-end-664\">Droits de l&#8217;Utilisateur :<\/span><\/b><\/p>\n<div class=\"source-inline-chip-container ng-star-inserted\"><\/div>\n<\/li>\n<li>\n<p data-path-to-node=\"16,4,0\"><span class=\"citation-663 citation-end-663\">Droit de retirer son consentement \u00e0 tout moment.<\/span><\/p>\n<div class=\"source-inline-chip-container ng-star-inserted\"><\/div>\n<\/li>\n<li>\n<p data-path-to-node=\"16,5,0\"><span class=\"citation-662 citation-end-662\">Droit d&#8217;acc\u00e8s, de rectification, de portabilit\u00e9 et de suppress<\/span>ion de ses donn\u00e9es, ainsi que de limitation ou d&#8217;opposition \u00e0 leur traitement.<\/p>\n<div class=\"source-inline-chip-container ng-star-inserted\"><\/div>\n<\/li>\n<li>\n<p data-path-to-node=\"16,6,0\">Droit d&#8217;introduire une r\u00e9clamation aupr\u00e8s de l&#8217;autorit\u00e9 de contr\u00f4le (agpd.es) si vous estimez que le traitement n&#8217;est pas conforme \u00e0 la r\u00e9glementation en vigueur. <b data-path-to-node=\"16,6,0\" data-index-in-node=\"163\">Coordonn\u00e9es pour exercer vos droits :<\/b> Adresse postale : RC&amp;MEDIA COMUNICACI\u00d3N S.L. Avenida Ricardo Carapeto, 131 06008 BADAJOZ (BADAJOZ). E-mail : soporte@rcymedia.eu<\/p>\n<\/li>\n<\/ul>\n<p data-path-to-node=\"17\"><b data-path-to-node=\"17\" data-index-in-node=\"0\">CARACT\u00c8RE OBLIGATOIRE OU FACULTATIF DES INFORMATIONS FOURNIES PAR L&#8217;UTILISATEUR<\/b> Les Utilisateurs, en cochant les cases correspondantes et en saisissant des donn\u00e9es dans les champs marqu\u00e9s d&#8217;un ast\u00e9risque (*) dans le formulaire de contact ou pr\u00e9sent\u00e9s dans les formulaires de t\u00e9l\u00e9chargement, acceptent express\u00e9ment, librement et sans \u00e9quivoque que leurs donn\u00e9es sont n\u00e9cessaires au prestataire pour r\u00e9pondre \u00e0 leur demande, l&#8217;inclusion de donn\u00e9es dans les champs restants \u00e9tant facultative. L&#8217;Utilisateur garantit que les donn\u00e9es personnelles fournies au RESPONSABLE sont exactes et s&#8217;engage \u00e0 communiquer toute modification de celles-ci. Le RESPONSABLE informe et garantit express\u00e9ment aux utilisateurs que leurs donn\u00e9es personnelles ne seront en aucun cas c\u00e9d\u00e9es \u00e0 des tiers, et que chaque fois qu&#8217;un type de cession de donn\u00e9es personnelles serait envisag\u00e9, le consentement expr\u00e8s, \u00e9clair\u00e9 et sans \u00e9quivoque des Util<span class=\"citation-661\">isateurs sera pr\u00e9alablement demand\u00e9. Toutes les donn\u00e9es demand\u00e9es via le site w<\/span><span class=\"citation-660 citation-661 citation-end-661\">eb sont obligatoires, car elles sont n\u00e9cessaires \u00e0 la fourniture d&#8217;un service optimal \u00e0 l&#8217;Utilisateur. Si toutes <\/span><span class=\"citation-660 citation-end-660\">les donn\u00e9es ne sont pas fournies, il n&#8217;est pas garanti que les informations et services fournis soient totalement adapt<\/span>\u00e9s \u00e0 vos besoins.<\/p>\n<div class=\"source-inline-chip-container ng-star-inserted\"><\/div>\n<p data-path-to-node=\"18\"><b data-path-to-node=\"18\" data-index-in-node=\"0\">MESURES DE S\u00c9CURIT\u00c9<\/b> Conform\u00e9ment aux dispositions de la r\u00e9glementation en vigueur sur la protection des donn\u00e9es personnelles, le RESPONSABLE respecte toutes les dispositions de la r\u00e9glementation RGPD pour le traitement des donn\u00e9es personnelles sous sa responsabilit\u00e9, et manifestement les principes d\u00e9crits \u00e0 l&#8217;article 5 du RGPD, s<span class=\"citation-659\">elon lesquels elles sont trait\u00e9es de mani\u00e8re licite, loyale et transparente \u00e0 l&#8217;\u00e9gard de la personne concern\u00e9e et sont ad\u00e9quates, pertinentes et limit\u00e9es \u00e0 ce qui est n\u00e9cessaire au regard des fina<\/span><span class=\"citation-658 citation-659 citation-end-659\">lit\u00e9s pour lesquelles<\/span><span class=\"citation-658 citation-end-658\"> elles sont trait\u00e9es.<\/span> <span class=\"citation-657\">Le RESPONSABLE garantit avoir mis en \u0153uvre des politiques techniques et organisationn<\/span><span class=\"citation-656 citation-657 citation-end-657\">elles appropri\u00e9es pour appliquer les mesures de s\u00e9curit\u00e9 \u00e9tablies par l<\/span><span class=\"citation-656 citation-end-656\">e RGPD afin de prot\u00e9ger les droits et libert\u00e9s des Utilisateurs et leur avoir communiqu\u00e9 les informations ad\u00e9quates pour qu&#8217;ils puissent les exe<\/span>rcer.<\/p>\n<p>[\/vc_column_text][\/vc_column][\/vc_row]<\/p>\n<\/div>","protected":false},"excerpt":{"rendered":"<p>[vc_row][vc_column][vc_column_text css=&#8221;&#8221;] INFORMATION \u00c0 L&#8217;UTILISATEUR RC&amp;MEDIA COMUNICACI\u00d3N S.L, ci-apr\u00e8s le RESPONSABLE, est le Responsable du traitement des donn\u00e9es personnelles de l&#8217;Utilisateur et vous informe que ces donn\u00e9es seront trait\u00e9es conform\u00e9ment aux dispositions du R\u00e8glement (UE) 2016\/679 du 27 avril 2016 (RGPD) relatif \u00e0 la protection des personnes physiques \u00e0 l&#8217;\u00e9gard du traitement des donn\u00e9es \u00e0&hellip;<\/p>\n","protected":false},"author":1,"featured_media":0,"parent":0,"menu_order":0,"comment_status":"closed","ping_status":"closed","template":"","meta":{"_exactmetrics_skip_tracking":false,"_exactmetrics_sitenote_active":false,"_exactmetrics_sitenote_note":"","_exactmetrics_sitenote_category":0,"footnotes":""},"class_list":["post-2158","page","type-page","status-publish","hentry","description-off"],"yoast_head":"<!-- This site is optimized with the Yoast SEO Premium plugin v27.1 (Yoast SEO v27.1.1) - https:\/\/yoast.com\/product\/yoast-seo-premium-wordpress\/ -->\n<title>Politique de Confidentialit\u00e9<\/title>\n<meta name=\"robots\" content=\"index, follow, max-snippet:-1, max-image-preview:large, max-video-preview:-1\" \/>\n<link rel=\"canonical\" href=\"https:\/\/rcymedia.eu\/politica-de-privacidad\/\" \/>\n<meta property=\"og:locale\" content=\"fr_FR\" \/>\n<meta property=\"og:type\" content=\"article\" \/>\n<meta property=\"og:title\" content=\"Politique de Confidentialit\u00e9\" \/>\n<meta property=\"og:description\" content=\"[vc_row][vc_column][vc_column_text css=&#8221;&#8221;] INFORMATION \u00c0 L&#8217;UTILISATEUR RC&amp;MEDIA COMUNICACI\u00d3N S.L, ci-apr\u00e8s le RESPONSABLE, est le Responsable du traitement des donn\u00e9es personnelles de l&#8217;Utilisateur et vous informe que ces donn\u00e9es seront trait\u00e9es conform\u00e9ment aux dispositions du R\u00e8glement (UE) 2016\/679 du 27 avril 2016 (RGPD) relatif \u00e0 la protection des personnes physiques \u00e0 l&#8217;\u00e9gard du traitement des donn\u00e9es \u00e0&hellip;\" \/>\n<meta property=\"og:url\" content=\"https:\/\/rcymedia.eu\/politica-de-privacidad\/\" \/>\n<meta property=\"og:site_name\" content=\"RC&amp;Media Comunicaci\u00f3n\" \/>\n<meta property=\"article:publisher\" content=\"https:\/\/www.facebook.com\/rcymedia\" \/>\n<meta property=\"article:modified_time\" content=\"2026-01-13T11:47:08+00:00\" \/>\n<meta property=\"og:image\" content=\"https:\/\/rcymedia.eu\/wp-content\/uploads\/2014\/07\/MG_7518-1600x1200-e1406302093757.jpg\" \/>\n\t<meta property=\"og:image:width\" content=\"1024\" \/>\n\t<meta property=\"og:image:height\" content=\"1024\" \/>\n\t<meta property=\"og:image:type\" content=\"image\/jpeg\" \/>\n<meta name=\"twitter:card\" content=\"summary_large_image\" \/>\n<meta name=\"twitter:site\" content=\"@rcymedia\" \/>\n<meta name=\"twitter:label1\" content=\"Dur\u00e9e de lecture estim\u00e9e\" \/>\n\t<meta name=\"twitter:data1\" content=\"14 minutes\" \/>\n<script type=\"application\/ld+json\" class=\"yoast-schema-graph\">{\"@context\":\"https:\/\/schema.org\",\"@graph\":[{\"@type\":\"WebPage\",\"@id\":\"https:\/\/rcymedia.eu\/politica-de-privacidad\/\",\"url\":\"https:\/\/rcymedia.eu\/politica-de-privacidad\/\",\"name\":\"Politique de Confidentialit\u00e9\",\"isPartOf\":{\"@id\":\"https:\/\/rcymedia.eu\/#website\"},\"datePublished\":\"2015-09-29T00:09:45+00:00\",\"dateModified\":\"2026-01-13T11:47:08+00:00\",\"breadcrumb\":{\"@id\":\"https:\/\/rcymedia.eu\/politica-de-privacidad\/#breadcrumb\"},\"inLanguage\":\"fr-FR\",\"potentialAction\":[{\"@type\":\"ReadAction\",\"target\":[\"https:\/\/rcymedia.eu\/politica-de-privacidad\/\"]}]},{\"@type\":\"BreadcrumbList\",\"@id\":\"https:\/\/rcymedia.eu\/politica-de-privacidad\/#breadcrumb\",\"itemListElement\":[{\"@type\":\"ListItem\",\"position\":1,\"name\":\"Portada\",\"item\":\"https:\/\/rcymedia.eu\/\"},{\"@type\":\"ListItem\",\"position\":2,\"name\":\"Pol\u00edtica de Privacidade\"}]},{\"@type\":\"WebSite\",\"@id\":\"https:\/\/rcymedia.eu\/#website\",\"url\":\"https:\/\/rcymedia.eu\/\",\"name\":\"RC&amp;Media Comunicaci\u00f3n\",\"description\":\"Dise\u00f1o web y Comunicaci\u00f3n en Paran\u00e1, C\u00e1ceres y Badajoz\",\"potentialAction\":[{\"@type\":\"SearchAction\",\"target\":{\"@type\":\"EntryPoint\",\"urlTemplate\":\"https:\/\/rcymedia.eu\/?s={search_term_string}\"},\"query-input\":{\"@type\":\"PropertyValueSpecification\",\"valueRequired\":true,\"valueName\":\"search_term_string\"}}],\"inLanguage\":\"fr-FR\"}]}<\/script>\n<!-- \/ Yoast SEO Premium plugin. -->","yoast_head_json":{"title":"Politique de Confidentialit\u00e9","robots":{"index":"index","follow":"follow","max-snippet":"max-snippet:-1","max-image-preview":"max-image-preview:large","max-video-preview":"max-video-preview:-1"},"canonical":"https:\/\/rcymedia.eu\/politica-de-privacidad\/","og_locale":"fr_FR","og_type":"article","og_title":"Politique de Confidentialit\u00e9","og_description":"[vc_row][vc_column][vc_column_text css=&#8221;&#8221;] INFORMATION \u00c0 L&#8217;UTILISATEUR RC&amp;MEDIA COMUNICACI\u00d3N S.L, ci-apr\u00e8s le RESPONSABLE, est le Responsable du traitement des donn\u00e9es personnelles de l&#8217;Utilisateur et vous informe que ces donn\u00e9es seront trait\u00e9es conform\u00e9ment aux dispositions du R\u00e8glement (UE) 2016\/679 du 27 avril 2016 (RGPD) relatif \u00e0 la protection des personnes physiques \u00e0 l&#8217;\u00e9gard du traitement des donn\u00e9es \u00e0&hellip;","og_url":"https:\/\/rcymedia.eu\/politica-de-privacidad\/","og_site_name":"RC&amp;Media Comunicaci\u00f3n","article_publisher":"https:\/\/www.facebook.com\/rcymedia","article_modified_time":"2026-01-13T11:47:08+00:00","og_image":[{"width":1024,"height":1024,"url":"https:\/\/rcymedia.eu\/wp-content\/uploads\/2014\/07\/MG_7518-1600x1200-e1406302093757.jpg","type":"image\/jpeg"}],"twitter_card":"summary_large_image","twitter_site":"@rcymedia","twitter_misc":{"Dur\u00e9e de lecture estim\u00e9e":"14 minutes"},"schema":{"@context":"https:\/\/schema.org","@graph":[{"@type":"WebPage","@id":"https:\/\/rcymedia.eu\/politica-de-privacidad\/","url":"https:\/\/rcymedia.eu\/politica-de-privacidad\/","name":"Politique de Confidentialit\u00e9","isPartOf":{"@id":"https:\/\/rcymedia.eu\/#website"},"datePublished":"2015-09-29T00:09:45+00:00","dateModified":"2026-01-13T11:47:08+00:00","breadcrumb":{"@id":"https:\/\/rcymedia.eu\/politica-de-privacidad\/#breadcrumb"},"inLanguage":"fr-FR","potentialAction":[{"@type":"ReadAction","target":["https:\/\/rcymedia.eu\/politica-de-privacidad\/"]}]},{"@type":"BreadcrumbList","@id":"https:\/\/rcymedia.eu\/politica-de-privacidad\/#breadcrumb","itemListElement":[{"@type":"ListItem","position":1,"name":"Portada","item":"https:\/\/rcymedia.eu\/"},{"@type":"ListItem","position":2,"name":"Pol\u00edtica de Privacidade"}]},{"@type":"WebSite","@id":"https:\/\/rcymedia.eu\/#website","url":"https:\/\/rcymedia.eu\/","name":"RC&amp;Media Comunicaci\u00f3n","description":"Dise\u00f1o web y Comunicaci\u00f3n en Paran\u00e1, C\u00e1ceres y Badajoz","potentialAction":[{"@type":"SearchAction","target":{"@type":"EntryPoint","urlTemplate":"https:\/\/rcymedia.eu\/?s={search_term_string}"},"query-input":{"@type":"PropertyValueSpecification","valueRequired":true,"valueName":"search_term_string"}}],"inLanguage":"fr-FR"}]}},"publishpress_future_action":{"enabled":false,"date":"2026-04-15 11:06:35","action":"change-status","newStatus":"draft","terms":[],"taxonomy":"","extraData":[]},"publishpress_future_workflow_manual_trigger":{"enabledWorkflows":[]},"_links":{"self":[{"href":"https:\/\/rcymedia.eu\/fr\/wp-json\/wp\/v2\/pages\/2158","targetHints":{"allow":["GET"]}}],"collection":[{"href":"https:\/\/rcymedia.eu\/fr\/wp-json\/wp\/v2\/pages"}],"about":[{"href":"https:\/\/rcymedia.eu\/fr\/wp-json\/wp\/v2\/types\/page"}],"author":[{"embeddable":true,"href":"https:\/\/rcymedia.eu\/fr\/wp-json\/wp\/v2\/users\/1"}],"replies":[{"embeddable":true,"href":"https:\/\/rcymedia.eu\/fr\/wp-json\/wp\/v2\/comments?post=2158"}],"version-history":[{"count":2,"href":"https:\/\/rcymedia.eu\/fr\/wp-json\/wp\/v2\/pages\/2158\/revisions"}],"predecessor-version":[{"id":5039,"href":"https:\/\/rcymedia.eu\/fr\/wp-json\/wp\/v2\/pages\/2158\/revisions\/5039"}],"wp:attachment":[{"href":"https:\/\/rcymedia.eu\/fr\/wp-json\/wp\/v2\/media?parent=2158"}],"curies":[{"name":"wp","href":"https:\/\/api.w.org\/{rel}","templated":true}]}}