{"id":2010,"date":"2015-08-07T10:29:33","date_gmt":"2015-08-07T13:29:33","guid":{"rendered":"http:\/\/rcymedia.eu\/checkout\/"},"modified":"2026-01-13T18:58:25","modified_gmt":"2026-01-13T17:58:25","slug":"checkout","status":"publish","type":"page","link":"https:\/\/rcymedia.eu\/fr\/checkout\/","title":{"rendered":"Paiement"},"content":{"rendered":"<div class=\"woocommerce\"><\/div>\n","protected":false},"excerpt":{"rendered":"","protected":false},"author":1,"featured_media":0,"parent":0,"menu_order":0,"comment_status":"closed","ping_status":"closed","template":"","meta":{"_exactmetrics_skip_tracking":false,"_exactmetrics_sitenote_active":false,"_exactmetrics_sitenote_note":"","_exactmetrics_sitenote_category":0,"footnotes":""},"class_list":["post-2010","page","type-page","status-publish","hentry","description-off"],"yoast_head":"<!-- This site is optimized with the Yoast SEO Premium plugin v27.1 (Yoast SEO v27.1.1) - https:\/\/yoast.com\/product\/yoast-seo-premium-wordpress\/ -->\n<title>Paiement<\/title>\n<meta name=\"robots\" content=\"index, follow, max-snippet:-1, max-image-preview:large, max-video-preview:-1\" \/>\n<link rel=\"canonical\" href=\"https:\/\/rcymedia.eu\/checkout\/\" \/>\n<meta property=\"og:locale\" content=\"fr_FR\" \/>\n<meta property=\"og:type\" content=\"article\" \/>\n<meta property=\"og:title\" content=\"Paiement\" \/>\n<meta property=\"og:url\" content=\"https:\/\/rcymedia.eu\/checkout\/\" \/>\n<meta property=\"og:site_name\" content=\"RC&amp;Media Comunicaci\u00f3n\" \/>\n<meta property=\"article:publisher\" content=\"https:\/\/www.facebook.com\/rcymedia\" \/>\n<meta property=\"article:modified_time\" content=\"2026-01-13T17:58:25+00:00\" \/>\n<meta property=\"og:image\" content=\"https:\/\/rcymedia.eu\/wp-content\/uploads\/2014\/07\/MG_7518-1600x1200-e1406302093757.jpg\" \/>\n\t<meta property=\"og:image:width\" content=\"1024\" \/>\n\t<meta property=\"og:image:height\" content=\"1024\" \/>\n\t<meta property=\"og:image:type\" content=\"image\/jpeg\" \/>\n<meta name=\"twitter:card\" content=\"summary_large_image\" \/>\n<meta name=\"twitter:site\" content=\"@rcymedia\" \/>\n<meta name=\"twitter:label1\" content=\"Dur\u00e9e de lecture estim\u00e9e\" \/>\n\t<meta name=\"twitter:data1\" content=\"1 minute\" \/>\n<script type=\"application\/ld+json\" class=\"yoast-schema-graph\">{\"@context\":\"https:\/\/schema.org\",\"@graph\":[{\"@type\":\"WebPage\",\"@id\":\"https:\/\/rcymedia.eu\/checkout\/\",\"url\":\"https:\/\/rcymedia.eu\/checkout\/\",\"name\":\"Paiement\",\"isPartOf\":{\"@id\":\"https:\/\/rcymedia.eu\/#website\"},\"datePublished\":\"2015-08-07T13:29:33+00:00\",\"dateModified\":\"2026-01-13T17:58:25+00:00\",\"breadcrumb\":{\"@id\":\"https:\/\/rcymedia.eu\/checkout\/#breadcrumb\"},\"inLanguage\":\"fr-FR\",\"potentialAction\":[{\"@type\":\"ReadAction\",\"target\":[\"https:\/\/rcymedia.eu\/checkout\/\"]}]},{\"@type\":\"BreadcrumbList\",\"@id\":\"https:\/\/rcymedia.eu\/checkout\/#breadcrumb\",\"itemListElement\":[{\"@type\":\"ListItem\",\"position\":1,\"name\":\"Portada\",\"item\":\"https:\/\/rcymedia.eu\/\"},{\"@type\":\"ListItem\",\"position\":2,\"name\":\"Checkout\"}]},{\"@type\":\"WebSite\",\"@id\":\"https:\/\/rcymedia.eu\/#website\",\"url\":\"https:\/\/rcymedia.eu\/\",\"name\":\"RC&amp;Media Comunicaci\u00f3n\",\"description\":\"Dise\u00f1o web y Comunicaci\u00f3n en Paran\u00e1, C\u00e1ceres y Badajoz\",\"potentialAction\":[{\"@type\":\"SearchAction\",\"target\":{\"@type\":\"EntryPoint\",\"urlTemplate\":\"https:\/\/rcymedia.eu\/?s={search_term_string}\"},\"query-input\":{\"@type\":\"PropertyValueSpecification\",\"valueRequired\":true,\"valueName\":\"search_term_string\"}}],\"inLanguage\":\"fr-FR\"}]}<\/script>\n<!-- \/ Yoast SEO Premium plugin. -->","yoast_head_json":{"title":"Paiement","robots":{"index":"index","follow":"follow","max-snippet":"max-snippet:-1","max-image-preview":"max-image-preview:large","max-video-preview":"max-video-preview:-1"},"canonical":"https:\/\/rcymedia.eu\/checkout\/","og_locale":"fr_FR","og_type":"article","og_title":"Paiement","og_url":"https:\/\/rcymedia.eu\/checkout\/","og_site_name":"RC&amp;Media Comunicaci\u00f3n","article_publisher":"https:\/\/www.facebook.com\/rcymedia","article_modified_time":"2026-01-13T17:58:25+00:00","og_image":[{"width":1024,"height":1024,"url":"https:\/\/rcymedia.eu\/wp-content\/uploads\/2014\/07\/MG_7518-1600x1200-e1406302093757.jpg","type":"image\/jpeg"}],"twitter_card":"summary_large_image","twitter_site":"@rcymedia","twitter_misc":{"Dur\u00e9e de lecture estim\u00e9e":"1 minute"},"schema":{"@context":"https:\/\/schema.org","@graph":[{"@type":"WebPage","@id":"https:\/\/rcymedia.eu\/checkout\/","url":"https:\/\/rcymedia.eu\/checkout\/","name":"Paiement","isPartOf":{"@id":"https:\/\/rcymedia.eu\/#website"},"datePublished":"2015-08-07T13:29:33+00:00","dateModified":"2026-01-13T17:58:25+00:00","breadcrumb":{"@id":"https:\/\/rcymedia.eu\/checkout\/#breadcrumb"},"inLanguage":"fr-FR","potentialAction":[{"@type":"ReadAction","target":["https:\/\/rcymedia.eu\/checkout\/"]}]},{"@type":"BreadcrumbList","@id":"https:\/\/rcymedia.eu\/checkout\/#breadcrumb","itemListElement":[{"@type":"ListItem","position":1,"name":"Portada","item":"https:\/\/rcymedia.eu\/"},{"@type":"ListItem","position":2,"name":"Checkout"}]},{"@type":"WebSite","@id":"https:\/\/rcymedia.eu\/#website","url":"https:\/\/rcymedia.eu\/","name":"RC&amp;Media Comunicaci\u00f3n","description":"Dise\u00f1o web y Comunicaci\u00f3n en Paran\u00e1, C\u00e1ceres y Badajoz","potentialAction":[{"@type":"SearchAction","target":{"@type":"EntryPoint","urlTemplate":"https:\/\/rcymedia.eu\/?s={search_term_string}"},"query-input":{"@type":"PropertyValueSpecification","valueRequired":true,"valueName":"search_term_string"}}],"inLanguage":"fr-FR"}]}},"publishpress_future_action":{"enabled":false,"date":"2026-04-22 17:24:57","action":"change-status","newStatus":"draft","terms":[],"taxonomy":"","extraData":[]},"publishpress_future_workflow_manual_trigger":{"enabledWorkflows":[]},"_links":{"self":[{"href":"https:\/\/rcymedia.eu\/fr\/wp-json\/wp\/v2\/pages\/2010","targetHints":{"allow":["GET"]}}],"collection":[{"href":"https:\/\/rcymedia.eu\/fr\/wp-json\/wp\/v2\/pages"}],"about":[{"href":"https:\/\/rcymedia.eu\/fr\/wp-json\/wp\/v2\/types\/page"}],"author":[{"embeddable":true,"href":"https:\/\/rcymedia.eu\/fr\/wp-json\/wp\/v2\/users\/1"}],"replies":[{"embeddable":true,"href":"https:\/\/rcymedia.eu\/fr\/wp-json\/wp\/v2\/comments?post=2010"}],"version-history":[{"count":1,"href":"https:\/\/rcymedia.eu\/fr\/wp-json\/wp\/v2\/pages\/2010\/revisions"}],"predecessor-version":[{"id":5062,"href":"https:\/\/rcymedia.eu\/fr\/wp-json\/wp\/v2\/pages\/2010\/revisions\/5062"}],"wp:attachment":[{"href":"https:\/\/rcymedia.eu\/fr\/wp-json\/wp\/v2\/media?parent=2010"}],"curies":[{"name":"wp","href":"https:\/\/api.w.org\/{rel}","templated":true}]}}