{"id":2113,"date":"2015-08-12T18:15:04","date_gmt":"2015-08-12T21:15:04","guid":{"rendered":"http:\/\/rcymedia.eu\/producto\/pack-de-redes-sociales-pymes-mensual\/"},"modified":"2015-08-12T18:15:04","modified_gmt":"2015-08-12T21:15:04","slug":"pack-de-redes-sociales-pymes-mensual","status":"publish","type":"product","link":"https:\/\/rcymedia.eu\/en\/producto\/pack-de-redes-sociales-pymes-mensual\/","title":{"rendered":"Pack de Redes Sociales PyMes (Mensual)"},"content":{"rendered":"<p>Creamos los perfiles en las Redes Sociales y nos encargamos de gestionarlos por t\u00ed.<\/p>\n<p>Incluye:<\/p>\n<ul>\n<li>P\u00e1gina de Facebook.<\/li>\n<li>Perfil de Twitter.<\/li>\n<\/ul>\n<p>\u00bfEn que consiste el servicio?<\/p>\n<ul>\n<li>Creaci\u00f3n de la gr\u00e1fica de las Redes Sociales.<\/li>\n<li>Volcado peri\u00f3dico de la informaci\u00f3n del sitio web de la empresa en las Redes.<\/li>\n<li>Creaci\u00f3n de gr\u00e1fica de\u00a0anuncios, concursos etc. durante el tiempo de contrato (hasta 3 piezas por mes).<\/li>\n<li>Gesti\u00f3n de consultas de usuarios.<\/li>\n<\/ul>\n<h6>Contrato m\u00ednimo: 12 meses \/ Precios +IVA<\/h6>\n","protected":false},"excerpt":{"rendered":"<p>Creamos los perfiles en las Redes Sociales y nos encargamos de gestionarlos por t\u00ed. Incluye: P\u00e1gina de Facebook. Perfil de Twitter. \u00bfEn que consiste el servicio? Creaci\u00f3n de la gr\u00e1fica de las Redes Sociales. Volcado peri\u00f3dico de la informaci\u00f3n del sitio web de la empresa en las Redes. Creaci\u00f3n de gr\u00e1fica de\u00a0anuncios, concursos etc. durante&hellip;<\/p>\n","protected":false},"featured_media":2114,"template":"","meta":{"_exactmetrics_skip_tracking":false,"_exactmetrics_sitenote_active":false,"_exactmetrics_sitenote_note":"","_exactmetrics_sitenote_category":0},"product_brand":[],"product_cat":[23,26],"product_tag":[9,10,11,14,17],"class_list":{"0":"post-2113","1":"product","2":"type-product","3":"status-publish","4":"has-post-thumbnail","6":"product_cat-redes-sociales","7":"product_cat-web","8":"product_tag-facebook","9":"product_tag-identidad-coporativa","10":"product_tag-internet","11":"product_tag-redes-sociales","12":"product_tag-twitter","13":"description-off","15":"first","16":"instock","17":"taxable","18":"shipping-taxable","19":"purchasable","20":"product-type-simple"},"yoast_head":"<!-- This site is optimized with the Yoast SEO Premium plugin v27.1 (Yoast SEO v27.1.1) - https:\/\/yoast.com\/product\/yoast-seo-premium-wordpress\/ -->\n<title>Pack de Redes Sociales PyMes (Mensual) - RC&amp;Media Comunicaci\u00f3n<\/title>\n<meta name=\"robots\" content=\"index, follow, max-snippet:-1, max-image-preview:large, max-video-preview:-1\" \/>\n<link rel=\"canonical\" href=\"https:\/\/rcymedia.eu\/producto\/pack-de-redes-sociales-pymes-mensual\/\" \/>\n<meta property=\"og:locale\" content=\"en_US\" \/>\n<meta property=\"og:type\" content=\"article\" \/>\n<meta property=\"og:title\" content=\"Pack de Redes Sociales PyMes (Mensual)\" \/>\n<meta property=\"og:description\" content=\"Creamos los perfiles en las Redes Sociales y nos encargamos de gestionarlos por t\u00ed. Incluye: P\u00e1gina de Facebook. Perfil de Twitter. \u00bfEn que consiste el servicio? Creaci\u00f3n de la gr\u00e1fica de las Redes Sociales. Volcado peri\u00f3dico de la informaci\u00f3n del sitio web de la empresa en las Redes. Creaci\u00f3n de gr\u00e1fica de\u00a0anuncios, concursos etc. durante&hellip;\" \/>\n<meta property=\"og:url\" content=\"https:\/\/rcymedia.eu\/producto\/pack-de-redes-sociales-pymes-mensual\/\" \/>\n<meta property=\"og:site_name\" content=\"RC&amp;Media Comunicaci\u00f3n\" \/>\n<meta property=\"article:publisher\" content=\"https:\/\/www.facebook.com\/rcymedia\" \/>\n<meta property=\"og:image\" content=\"https:\/\/rcymedia.eu\/wp-content\/uploads\/2015\/08\/mockup-template10.jpg\" \/>\n\t<meta property=\"og:image:width\" content=\"1200\" \/>\n\t<meta property=\"og:image:height\" content=\"900\" \/>\n\t<meta property=\"og:image:type\" content=\"image\/jpeg\" \/>\n<meta name=\"twitter:card\" content=\"summary_large_image\" \/>\n<meta name=\"twitter:site\" content=\"@rcymedia\" \/>\n<script type=\"application\/ld+json\" class=\"yoast-schema-graph\">{\"@context\":\"https:\/\/schema.org\",\"@graph\":[{\"@type\":\"WebPage\",\"@id\":\"https:\/\/rcymedia.eu\/producto\/pack-de-redes-sociales-pymes-mensual\/\",\"url\":\"https:\/\/rcymedia.eu\/producto\/pack-de-redes-sociales-pymes-mensual\/\",\"name\":\"Pack de Redes Sociales PyMes (Mensual) - RC&amp;Media Comunicaci\u00f3n\",\"isPartOf\":{\"@id\":\"https:\/\/rcymedia.eu\/#website\"},\"primaryImageOfPage\":{\"@id\":\"https:\/\/rcymedia.eu\/producto\/pack-de-redes-sociales-pymes-mensual\/#primaryimage\"},\"image\":{\"@id\":\"https:\/\/rcymedia.eu\/producto\/pack-de-redes-sociales-pymes-mensual\/#primaryimage\"},\"thumbnailUrl\":\"https:\/\/rcymedia.eu\/wp-content\/uploads\/2015\/08\/mockup-template10.jpg\",\"datePublished\":\"2015-08-12T21:15:04+00:00\",\"breadcrumb\":{\"@id\":\"https:\/\/rcymedia.eu\/producto\/pack-de-redes-sociales-pymes-mensual\/#breadcrumb\"},\"inLanguage\":\"en-US\",\"potentialAction\":[{\"@type\":\"ReadAction\",\"target\":[\"https:\/\/rcymedia.eu\/producto\/pack-de-redes-sociales-pymes-mensual\/\"]}]},{\"@type\":\"ImageObject\",\"inLanguage\":\"en-US\",\"@id\":\"https:\/\/rcymedia.eu\/producto\/pack-de-redes-sociales-pymes-mensual\/#primaryimage\",\"url\":\"https:\/\/rcymedia.eu\/wp-content\/uploads\/2015\/08\/mockup-template10.jpg\",\"contentUrl\":\"https:\/\/rcymedia.eu\/wp-content\/uploads\/2015\/08\/mockup-template10.jpg\",\"width\":1200,\"height\":900,\"caption\":\"Dise\u00f1o web y Comunicaci\u00f3n en Paran\u00e1, C\u00e1ceres y Badajoz\"},{\"@type\":\"BreadcrumbList\",\"@id\":\"https:\/\/rcymedia.eu\/producto\/pack-de-redes-sociales-pymes-mensual\/#breadcrumb\",\"itemListElement\":[{\"@type\":\"ListItem\",\"position\":1,\"name\":\"Portada\",\"item\":\"https:\/\/rcymedia.eu\/\"},{\"@type\":\"ListItem\",\"position\":2,\"name\":\"Tienda\",\"item\":\"https:\/\/rcymedia.eu\/pt\/tienda\/\"},{\"@type\":\"ListItem\",\"position\":3,\"name\":\"Pack de Redes Sociales PyMes (Mensual)\"}]},{\"@type\":\"WebSite\",\"@id\":\"https:\/\/rcymedia.eu\/#website\",\"url\":\"https:\/\/rcymedia.eu\/\",\"name\":\"RC&amp;Media Comunicaci\u00f3n\",\"description\":\"Dise\u00f1o web y Comunicaci\u00f3n en Paran\u00e1, C\u00e1ceres y Badajoz\",\"potentialAction\":[{\"@type\":\"SearchAction\",\"target\":{\"@type\":\"EntryPoint\",\"urlTemplate\":\"https:\/\/rcymedia.eu\/?s={search_term_string}\"},\"query-input\":{\"@type\":\"PropertyValueSpecification\",\"valueRequired\":true,\"valueName\":\"search_term_string\"}}],\"inLanguage\":\"en-US\"}]}<\/script>\n<!-- \/ Yoast SEO Premium plugin. -->","yoast_head_json":{"title":"Pack de Redes Sociales PyMes (Mensual) - RC&amp;Media Comunicaci\u00f3n","robots":{"index":"index","follow":"follow","max-snippet":"max-snippet:-1","max-image-preview":"max-image-preview:large","max-video-preview":"max-video-preview:-1"},"canonical":"https:\/\/rcymedia.eu\/producto\/pack-de-redes-sociales-pymes-mensual\/","og_locale":"en_US","og_type":"article","og_title":"Pack de Redes Sociales PyMes (Mensual)","og_description":"Creamos los perfiles en las Redes Sociales y nos encargamos de gestionarlos por t\u00ed. Incluye: P\u00e1gina de Facebook. Perfil de Twitter. \u00bfEn que consiste el servicio? Creaci\u00f3n de la gr\u00e1fica de las Redes Sociales. Volcado peri\u00f3dico de la informaci\u00f3n del sitio web de la empresa en las Redes. Creaci\u00f3n de gr\u00e1fica de\u00a0anuncios, concursos etc. durante&hellip;","og_url":"https:\/\/rcymedia.eu\/producto\/pack-de-redes-sociales-pymes-mensual\/","og_site_name":"RC&amp;Media Comunicaci\u00f3n","article_publisher":"https:\/\/www.facebook.com\/rcymedia","og_image":[{"width":1200,"height":900,"url":"https:\/\/rcymedia.eu\/wp-content\/uploads\/2015\/08\/mockup-template10.jpg","type":"image\/jpeg"}],"twitter_card":"summary_large_image","twitter_site":"@rcymedia","schema":{"@context":"https:\/\/schema.org","@graph":[{"@type":"WebPage","@id":"https:\/\/rcymedia.eu\/producto\/pack-de-redes-sociales-pymes-mensual\/","url":"https:\/\/rcymedia.eu\/producto\/pack-de-redes-sociales-pymes-mensual\/","name":"Pack de Redes Sociales PyMes (Mensual) - RC&amp;Media Comunicaci\u00f3n","isPartOf":{"@id":"https:\/\/rcymedia.eu\/#website"},"primaryImageOfPage":{"@id":"https:\/\/rcymedia.eu\/producto\/pack-de-redes-sociales-pymes-mensual\/#primaryimage"},"image":{"@id":"https:\/\/rcymedia.eu\/producto\/pack-de-redes-sociales-pymes-mensual\/#primaryimage"},"thumbnailUrl":"https:\/\/rcymedia.eu\/wp-content\/uploads\/2015\/08\/mockup-template10.jpg","datePublished":"2015-08-12T21:15:04+00:00","breadcrumb":{"@id":"https:\/\/rcymedia.eu\/producto\/pack-de-redes-sociales-pymes-mensual\/#breadcrumb"},"inLanguage":"en-US","potentialAction":[{"@type":"ReadAction","target":["https:\/\/rcymedia.eu\/producto\/pack-de-redes-sociales-pymes-mensual\/"]}]},{"@type":"ImageObject","inLanguage":"en-US","@id":"https:\/\/rcymedia.eu\/producto\/pack-de-redes-sociales-pymes-mensual\/#primaryimage","url":"https:\/\/rcymedia.eu\/wp-content\/uploads\/2015\/08\/mockup-template10.jpg","contentUrl":"https:\/\/rcymedia.eu\/wp-content\/uploads\/2015\/08\/mockup-template10.jpg","width":1200,"height":900,"caption":"Dise\u00f1o web y Comunicaci\u00f3n en Paran\u00e1, C\u00e1ceres y Badajoz"},{"@type":"BreadcrumbList","@id":"https:\/\/rcymedia.eu\/producto\/pack-de-redes-sociales-pymes-mensual\/#breadcrumb","itemListElement":[{"@type":"ListItem","position":1,"name":"Portada","item":"https:\/\/rcymedia.eu\/"},{"@type":"ListItem","position":2,"name":"Tienda","item":"https:\/\/rcymedia.eu\/pt\/tienda\/"},{"@type":"ListItem","position":3,"name":"Pack de Redes Sociales PyMes (Mensual)"}]},{"@type":"WebSite","@id":"https:\/\/rcymedia.eu\/#website","url":"https:\/\/rcymedia.eu\/","name":"RC&amp;Media Comunicaci\u00f3n","description":"Dise\u00f1o web y Comunicaci\u00f3n en Paran\u00e1, C\u00e1ceres y Badajoz","potentialAction":[{"@type":"SearchAction","target":{"@type":"EntryPoint","urlTemplate":"https:\/\/rcymedia.eu\/?s={search_term_string}"},"query-input":{"@type":"PropertyValueSpecification","valueRequired":true,"valueName":"search_term_string"}}],"inLanguage":"en-US"}]}},"publishpress_future_workflow_manual_trigger":{"enabledWorkflows":[]},"_links":{"self":[{"href":"https:\/\/rcymedia.eu\/en\/wp-json\/wp\/v2\/product\/2113","targetHints":{"allow":["GET"]}}],"collection":[{"href":"https:\/\/rcymedia.eu\/en\/wp-json\/wp\/v2\/product"}],"about":[{"href":"https:\/\/rcymedia.eu\/en\/wp-json\/wp\/v2\/types\/product"}],"wp:featuredmedia":[{"embeddable":true,"href":"https:\/\/rcymedia.eu\/en\/wp-json\/wp\/v2\/media\/2114"}],"wp:attachment":[{"href":"https:\/\/rcymedia.eu\/en\/wp-json\/wp\/v2\/media?parent=2113"}],"wp:term":[{"taxonomy":"product_brand","embeddable":true,"href":"https:\/\/rcymedia.eu\/en\/wp-json\/wp\/v2\/product_brand?post=2113"},{"taxonomy":"product_cat","embeddable":true,"href":"https:\/\/rcymedia.eu\/en\/wp-json\/wp\/v2\/product_cat?post=2113"},{"taxonomy":"product_tag","embeddable":true,"href":"https:\/\/rcymedia.eu\/en\/wp-json\/wp\/v2\/product_tag?post=2113"}],"curies":[{"name":"wp","href":"https:\/\/api.w.org\/{rel}","templated":true}]}}