{"id":2112,"date":"2015-08-12T18:12:19","date_gmt":"2015-08-12T21:12:19","guid":{"rendered":"http:\/\/rcymedia.eu\/producto\/sitio-web-ecommerce-pymes-nivel-i\/"},"modified":"2016-01-12T22:05:17","modified_gmt":"2016-01-12T21:05:17","slug":"sitio-web-ecommerce-pymes-nivel-i","status":"publish","type":"product","link":"https:\/\/rcymedia.eu\/en\/producto\/sitio-web-ecommerce-pymes-nivel-i\/","title":{"rendered":"Sitio web eCommerce PyMes (Nivel I)"},"content":{"rendered":"<p>Dise\u00f1o de sitio web adaptable a m\u00f3viles, con las siguientes secciones.<\/p>\n<p>Incluye:<\/p>\n<ul>\n<li>Dominio .com<\/li>\n<li>Hosting por un a\u00f1o*.<\/li>\n<\/ul>\n<p>Secciones:<\/p>\n<ul>\n<li>Inicio<\/li>\n<li>Quienes somos: rese\u00f1a sobre la empresa.<\/li>\n<li>Productos\/servicios: tienda virtual con cantidad ilimitada de productos y variaciones.<\/li>\n<li>Formas de pago: Transferencia Bancaria y Contrareembolso.<\/li>\n<li>Blog de noticias: con posibilidad de insertar videos, mapas, etc.<\/li>\n<li>Localizaci\u00f3n y contacto: formulario de contacto + Localizaci\u00f3n en Google Maps.<\/li>\n<\/ul>\n<h6>* Desde el segundo a\u00f1o, el coste del hosting ser\u00e1 150\u20ac anuales (+IVA)<\/h6>\n","protected":false},"excerpt":{"rendered":"<p>Dise\u00f1o de sitio web adaptable a m\u00f3viles, con las siguientes secciones. Incluye: Dominio .com Hosting por un a\u00f1o*. Secciones: Inicio Quienes somos: rese\u00f1a sobre la empresa. Productos\/servicios: tienda virtual con cantidad ilimitada de productos y variaciones. Formas de pago: Transferencia Bancaria y Contrareembolso. Blog de noticias: con posibilidad de insertar videos, mapas, etc. Localizaci\u00f3n y&hellip;<\/p>\n","protected":false},"featured_media":2609,"template":"","meta":{"_exactmetrics_skip_tracking":false,"_exactmetrics_sitenote_active":false,"_exactmetrics_sitenote_note":"","_exactmetrics_sitenote_category":0},"product_brand":[],"product_cat":[26],"product_tag":[8,10,11,15,16],"class_list":{"0":"post-2112","1":"product","2":"type-product","3":"status-publish","4":"has-post-thumbnail","6":"product_cat-web","7":"product_tag-ecommerce","8":"product_tag-identidad-coporativa","9":"product_tag-internet","10":"product_tag-sitio-adaptable","11":"product_tag-sitio-web","12":"description-off","14":"first","15":"instock","16":"taxable","17":"shipping-taxable","18":"purchasable","19":"product-type-simple"},"yoast_head":"<!-- This site is optimized with the Yoast SEO Premium plugin v27.1 (Yoast SEO v27.1.1) - https:\/\/yoast.com\/product\/yoast-seo-premium-wordpress\/ -->\n<title>Sitio web eCommerce PyMes (Nivel I) - RC&amp;Media Comunicaci\u00f3n<\/title>\n<meta name=\"robots\" content=\"index, follow, max-snippet:-1, max-image-preview:large, max-video-preview:-1\" \/>\n<link rel=\"canonical\" href=\"https:\/\/rcymedia.eu\/pt\/producto\/sitio-web-ecommerce-pymes-nivel-i\/\" \/>\n<meta property=\"og:locale\" content=\"en_US\" \/>\n<meta property=\"og:type\" content=\"article\" \/>\n<meta property=\"og:title\" content=\"Sitio web eCommerce PyMes (Nivel I)\" \/>\n<meta property=\"og:description\" content=\"Dise\u00f1o de sitio web adaptable a m\u00f3viles, con las siguientes secciones. Incluye: Dominio .com Hosting por un a\u00f1o*. Secciones: Inicio Quienes somos: rese\u00f1a sobre la empresa. Productos\/servicios: tienda virtual con cantidad ilimitada de productos y variaciones. Formas de pago: Transferencia Bancaria y Contrareembolso. Blog de noticias: con posibilidad de insertar videos, mapas, etc. Localizaci\u00f3n y&hellip;\" \/>\n<meta property=\"og:url\" content=\"https:\/\/rcymedia.eu\/pt\/producto\/sitio-web-ecommerce-pymes-nivel-i\/\" \/>\n<meta property=\"og:site_name\" content=\"RC&amp;Media Comunicaci\u00f3n\" \/>\n<meta property=\"article:publisher\" content=\"https:\/\/www.facebook.com\/rcymedia\" \/>\n<meta property=\"article:modified_time\" content=\"2016-01-12T21:05:17+00:00\" \/>\n<meta property=\"og:image\" content=\"https:\/\/rcymedia.eu\/wp-content\/uploads\/2015\/08\/web.jpg\" \/>\n\t<meta property=\"og:image:width\" content=\"1200\" \/>\n\t<meta property=\"og:image:height\" content=\"800\" \/>\n\t<meta property=\"og:image:type\" content=\"image\/jpeg\" \/>\n<meta name=\"twitter:card\" content=\"summary_large_image\" \/>\n<meta name=\"twitter:site\" content=\"@rcymedia\" \/>\n<script type=\"application\/ld+json\" class=\"yoast-schema-graph\">{\"@context\":\"https:\/\/schema.org\",\"@graph\":[{\"@type\":\"WebPage\",\"@id\":\"https:\/\/rcymedia.eu\/pt\/producto\/sitio-web-ecommerce-pymes-nivel-i\/\",\"url\":\"https:\/\/rcymedia.eu\/pt\/producto\/sitio-web-ecommerce-pymes-nivel-i\/\",\"name\":\"Sitio web eCommerce PyMes (Nivel I) - RC&amp;Media Comunicaci\u00f3n\",\"isPartOf\":{\"@id\":\"https:\/\/rcymedia.eu\/#website\"},\"primaryImageOfPage\":{\"@id\":\"https:\/\/rcymedia.eu\/pt\/producto\/sitio-web-ecommerce-pymes-nivel-i\/#primaryimage\"},\"image\":{\"@id\":\"https:\/\/rcymedia.eu\/pt\/producto\/sitio-web-ecommerce-pymes-nivel-i\/#primaryimage\"},\"thumbnailUrl\":\"https:\/\/rcymedia.eu\/wp-content\/uploads\/2015\/08\/web.jpg\",\"datePublished\":\"2015-08-12T21:12:19+00:00\",\"dateModified\":\"2016-01-12T21:05:17+00:00\",\"breadcrumb\":{\"@id\":\"https:\/\/rcymedia.eu\/pt\/producto\/sitio-web-ecommerce-pymes-nivel-i\/#breadcrumb\"},\"inLanguage\":\"en-US\",\"potentialAction\":[{\"@type\":\"ReadAction\",\"target\":[\"https:\/\/rcymedia.eu\/pt\/producto\/sitio-web-ecommerce-pymes-nivel-i\/\"]}]},{\"@type\":\"ImageObject\",\"inLanguage\":\"en-US\",\"@id\":\"https:\/\/rcymedia.eu\/pt\/producto\/sitio-web-ecommerce-pymes-nivel-i\/#primaryimage\",\"url\":\"https:\/\/rcymedia.eu\/wp-content\/uploads\/2015\/08\/web.jpg\",\"contentUrl\":\"https:\/\/rcymedia.eu\/wp-content\/uploads\/2015\/08\/web.jpg\",\"width\":1200,\"height\":800,\"caption\":\"Dise\u00f1o web y Comunicaci\u00f3n en Paran\u00e1, C\u00e1ceres y Badajoz\"},{\"@type\":\"BreadcrumbList\",\"@id\":\"https:\/\/rcymedia.eu\/pt\/producto\/sitio-web-ecommerce-pymes-nivel-i\/#breadcrumb\",\"itemListElement\":[{\"@type\":\"ListItem\",\"position\":1,\"name\":\"Portada\",\"item\":\"https:\/\/rcymedia.eu\/\"},{\"@type\":\"ListItem\",\"position\":2,\"name\":\"Tienda\",\"item\":\"https:\/\/rcymedia.eu\/pt\/tienda\/\"},{\"@type\":\"ListItem\",\"position\":3,\"name\":\"Sitio web eCommerce PyMes (Nivel I)\"}]},{\"@type\":\"WebSite\",\"@id\":\"https:\/\/rcymedia.eu\/#website\",\"url\":\"https:\/\/rcymedia.eu\/\",\"name\":\"RC&amp;Media Comunicaci\u00f3n\",\"description\":\"Dise\u00f1o web y Comunicaci\u00f3n en Paran\u00e1, C\u00e1ceres y Badajoz\",\"potentialAction\":[{\"@type\":\"SearchAction\",\"target\":{\"@type\":\"EntryPoint\",\"urlTemplate\":\"https:\/\/rcymedia.eu\/?s={search_term_string}\"},\"query-input\":{\"@type\":\"PropertyValueSpecification\",\"valueRequired\":true,\"valueName\":\"search_term_string\"}}],\"inLanguage\":\"en-US\"}]}<\/script>\n<!-- \/ Yoast SEO Premium plugin. -->","yoast_head_json":{"title":"Sitio web eCommerce PyMes (Nivel I) - RC&amp;Media Comunicaci\u00f3n","robots":{"index":"index","follow":"follow","max-snippet":"max-snippet:-1","max-image-preview":"max-image-preview:large","max-video-preview":"max-video-preview:-1"},"canonical":"https:\/\/rcymedia.eu\/pt\/producto\/sitio-web-ecommerce-pymes-nivel-i\/","og_locale":"en_US","og_type":"article","og_title":"Sitio web eCommerce PyMes (Nivel I)","og_description":"Dise\u00f1o de sitio web adaptable a m\u00f3viles, con las siguientes secciones. Incluye: Dominio .com Hosting por un a\u00f1o*. Secciones: Inicio Quienes somos: rese\u00f1a sobre la empresa. Productos\/servicios: tienda virtual con cantidad ilimitada de productos y variaciones. Formas de pago: Transferencia Bancaria y Contrareembolso. Blog de noticias: con posibilidad de insertar videos, mapas, etc. Localizaci\u00f3n y&hellip;","og_url":"https:\/\/rcymedia.eu\/pt\/producto\/sitio-web-ecommerce-pymes-nivel-i\/","og_site_name":"RC&amp;Media Comunicaci\u00f3n","article_publisher":"https:\/\/www.facebook.com\/rcymedia","article_modified_time":"2016-01-12T21:05:17+00:00","og_image":[{"width":1200,"height":800,"url":"https:\/\/rcymedia.eu\/wp-content\/uploads\/2015\/08\/web.jpg","type":"image\/jpeg"}],"twitter_card":"summary_large_image","twitter_site":"@rcymedia","schema":{"@context":"https:\/\/schema.org","@graph":[{"@type":"WebPage","@id":"https:\/\/rcymedia.eu\/pt\/producto\/sitio-web-ecommerce-pymes-nivel-i\/","url":"https:\/\/rcymedia.eu\/pt\/producto\/sitio-web-ecommerce-pymes-nivel-i\/","name":"Sitio web eCommerce PyMes (Nivel I) - RC&amp;Media Comunicaci\u00f3n","isPartOf":{"@id":"https:\/\/rcymedia.eu\/#website"},"primaryImageOfPage":{"@id":"https:\/\/rcymedia.eu\/pt\/producto\/sitio-web-ecommerce-pymes-nivel-i\/#primaryimage"},"image":{"@id":"https:\/\/rcymedia.eu\/pt\/producto\/sitio-web-ecommerce-pymes-nivel-i\/#primaryimage"},"thumbnailUrl":"https:\/\/rcymedia.eu\/wp-content\/uploads\/2015\/08\/web.jpg","datePublished":"2015-08-12T21:12:19+00:00","dateModified":"2016-01-12T21:05:17+00:00","breadcrumb":{"@id":"https:\/\/rcymedia.eu\/pt\/producto\/sitio-web-ecommerce-pymes-nivel-i\/#breadcrumb"},"inLanguage":"en-US","potentialAction":[{"@type":"ReadAction","target":["https:\/\/rcymedia.eu\/pt\/producto\/sitio-web-ecommerce-pymes-nivel-i\/"]}]},{"@type":"ImageObject","inLanguage":"en-US","@id":"https:\/\/rcymedia.eu\/pt\/producto\/sitio-web-ecommerce-pymes-nivel-i\/#primaryimage","url":"https:\/\/rcymedia.eu\/wp-content\/uploads\/2015\/08\/web.jpg","contentUrl":"https:\/\/rcymedia.eu\/wp-content\/uploads\/2015\/08\/web.jpg","width":1200,"height":800,"caption":"Dise\u00f1o web y Comunicaci\u00f3n en Paran\u00e1, C\u00e1ceres y Badajoz"},{"@type":"BreadcrumbList","@id":"https:\/\/rcymedia.eu\/pt\/producto\/sitio-web-ecommerce-pymes-nivel-i\/#breadcrumb","itemListElement":[{"@type":"ListItem","position":1,"name":"Portada","item":"https:\/\/rcymedia.eu\/"},{"@type":"ListItem","position":2,"name":"Tienda","item":"https:\/\/rcymedia.eu\/pt\/tienda\/"},{"@type":"ListItem","position":3,"name":"Sitio web eCommerce PyMes (Nivel I)"}]},{"@type":"WebSite","@id":"https:\/\/rcymedia.eu\/#website","url":"https:\/\/rcymedia.eu\/","name":"RC&amp;Media Comunicaci\u00f3n","description":"Dise\u00f1o web y Comunicaci\u00f3n en Paran\u00e1, C\u00e1ceres y Badajoz","potentialAction":[{"@type":"SearchAction","target":{"@type":"EntryPoint","urlTemplate":"https:\/\/rcymedia.eu\/?s={search_term_string}"},"query-input":{"@type":"PropertyValueSpecification","valueRequired":true,"valueName":"search_term_string"}}],"inLanguage":"en-US"}]}},"publishpress_future_workflow_manual_trigger":{"enabledWorkflows":[]},"_links":{"self":[{"href":"https:\/\/rcymedia.eu\/en\/wp-json\/wp\/v2\/product\/2112","targetHints":{"allow":["GET"]}}],"collection":[{"href":"https:\/\/rcymedia.eu\/en\/wp-json\/wp\/v2\/product"}],"about":[{"href":"https:\/\/rcymedia.eu\/en\/wp-json\/wp\/v2\/types\/product"}],"wp:featuredmedia":[{"embeddable":true,"href":"https:\/\/rcymedia.eu\/en\/wp-json\/wp\/v2\/media\/2609"}],"wp:attachment":[{"href":"https:\/\/rcymedia.eu\/en\/wp-json\/wp\/v2\/media?parent=2112"}],"wp:term":[{"taxonomy":"product_brand","embeddable":true,"href":"https:\/\/rcymedia.eu\/en\/wp-json\/wp\/v2\/product_brand?post=2112"},{"taxonomy":"product_cat","embeddable":true,"href":"https:\/\/rcymedia.eu\/en\/wp-json\/wp\/v2\/product_cat?post=2112"},{"taxonomy":"product_tag","embeddable":true,"href":"https:\/\/rcymedia.eu\/en\/wp-json\/wp\/v2\/product_tag?post=2112"}],"curies":[{"name":"wp","href":"https:\/\/api.w.org\/{rel}","templated":true}]}}