{"id":2105,"date":"2015-08-12T17:29:52","date_gmt":"2015-08-12T20:29:52","guid":{"rendered":"http:\/\/rcymedia.eu\/producto\/pack-de-identidad-corporativa-pymes-nivel-ii\/"},"modified":"2015-08-12T17:29:52","modified_gmt":"2015-08-12T20:29:52","slug":"pack-de-identidad-corporativa-pymes-nivel-ii","status":"publish","type":"product","link":"https:\/\/rcymedia.eu\/en\/producto\/pack-de-identidad-corporativa-pymes-nivel-ii\/","title":{"rendered":"Pack de Identidad Corporativa Pymes (Nivel II)"},"content":{"rendered":"<p>Dise\u00f1o profesional de una marca\u00a0que valorice la imagen corporativa de tu empresa.<\/p>\n<p>Incluye:<\/p>\n<ul>\n<li>Versi\u00f3n del logotipo en escala de grises, negativo y positivo.<\/li>\n<li>Codificaci\u00f3n formal, tipogr\u00e1fica y crom\u00e1tica para todos los soportes.<\/li>\n<li>Distancias de reserva con otros elementos.<\/li>\n<\/ul>\n<p>Implementaciones:<\/p>\n<ul>\n<li>Tarjeta de visita.<\/li>\n<li>Folio.<\/li>\n<li>Sobre standard y oficio.<\/li>\n<li>3 xBanners (0,90 x 1,90 m).<\/li>\n<li>Indumentaria b\u00e1sica: camisa y\/o polo.<\/li>\n<\/ul>\n","protected":false},"excerpt":{"rendered":"<p>Dise\u00f1o profesional de una marca\u00a0que valorice la imagen corporativa de tu empresa. Incluye: Versi\u00f3n del logotipo en escala de grises, negativo y positivo. Codificaci\u00f3n formal, tipogr\u00e1fica y crom\u00e1tica para todos los soportes. Distancias de reserva con otros elementos. Implementaciones: Tarjeta de visita. Folio. Sobre standard y oficio. 3 xBanners (0,90 x 1,90 m). Indumentaria b\u00e1sica:&hellip;<\/p>\n","protected":false},"featured_media":2100,"template":"","meta":{"_exactmetrics_skip_tracking":false,"_exactmetrics_sitenote_active":false,"_exactmetrics_sitenote_note":"","_exactmetrics_sitenote_category":0},"product_brand":[],"product_cat":[20],"product_tag":[10,12,13],"class_list":{"0":"post-2105","1":"product","2":"type-product","3":"status-publish","4":"has-post-thumbnail","6":"product_cat-identidad-pymes","7":"product_tag-identidad-coporativa","8":"product_tag-logotipo","9":"product_tag-marca","10":"description-off","12":"first","13":"instock","14":"taxable","15":"shipping-taxable","16":"purchasable","17":"product-type-simple"},"yoast_head":"<!-- This site is optimized with the Yoast SEO Premium plugin v27.1 (Yoast SEO v27.1.1) - https:\/\/yoast.com\/product\/yoast-seo-premium-wordpress\/ -->\n<title>Pack de Identidad Corporativa Pymes (Nivel II) - RC&amp;Media Comunicaci\u00f3n<\/title>\n<meta name=\"robots\" content=\"index, follow, max-snippet:-1, max-image-preview:large, max-video-preview:-1\" \/>\n<link rel=\"canonical\" href=\"https:\/\/rcymedia.eu\/producto\/pack-de-identidad-corporativa-pymes-nivel-ii\/\" \/>\n<meta property=\"og:locale\" content=\"en_US\" \/>\n<meta property=\"og:type\" content=\"article\" \/>\n<meta property=\"og:title\" content=\"Pack de Identidad Corporativa Pymes (Nivel II)\" \/>\n<meta property=\"og:description\" content=\"Dise\u00f1o profesional de una marca\u00a0que valorice la imagen corporativa de tu empresa. Incluye: Versi\u00f3n del logotipo en escala de grises, negativo y positivo. Codificaci\u00f3n formal, tipogr\u00e1fica y crom\u00e1tica para todos los soportes. Distancias de reserva con otros elementos. Implementaciones: Tarjeta de visita. Folio. Sobre standard y oficio. 3 xBanners (0,90 x 1,90 m). Indumentaria b\u00e1sica:&hellip;\" \/>\n<meta property=\"og:url\" content=\"https:\/\/rcymedia.eu\/producto\/pack-de-identidad-corporativa-pymes-nivel-ii\/\" \/>\n<meta property=\"og:site_name\" content=\"RC&amp;Media Comunicaci\u00f3n\" \/>\n<meta property=\"article:publisher\" content=\"https:\/\/www.facebook.com\/rcymedia\" \/>\n<meta property=\"og:image\" content=\"https:\/\/rcymedia.eu\/wp-content\/uploads\/2015\/08\/01.xBanner-Wall.jpg\" \/>\n\t<meta property=\"og:image:width\" content=\"1800\" \/>\n\t<meta property=\"og:image:height\" content=\"1175\" \/>\n\t<meta property=\"og:image:type\" content=\"image\/jpeg\" \/>\n<meta name=\"twitter:card\" content=\"summary_large_image\" \/>\n<meta name=\"twitter:site\" content=\"@rcymedia\" \/>\n<script type=\"application\/ld+json\" class=\"yoast-schema-graph\">{\"@context\":\"https:\/\/schema.org\",\"@graph\":[{\"@type\":\"WebPage\",\"@id\":\"https:\/\/rcymedia.eu\/producto\/pack-de-identidad-corporativa-pymes-nivel-ii\/\",\"url\":\"https:\/\/rcymedia.eu\/producto\/pack-de-identidad-corporativa-pymes-nivel-ii\/\",\"name\":\"Pack de Identidad Corporativa Pymes (Nivel II) - RC&amp;Media Comunicaci\u00f3n\",\"isPartOf\":{\"@id\":\"https:\/\/rcymedia.eu\/#website\"},\"primaryImageOfPage\":{\"@id\":\"https:\/\/rcymedia.eu\/producto\/pack-de-identidad-corporativa-pymes-nivel-ii\/#primaryimage\"},\"image\":{\"@id\":\"https:\/\/rcymedia.eu\/producto\/pack-de-identidad-corporativa-pymes-nivel-ii\/#primaryimage\"},\"thumbnailUrl\":\"https:\/\/rcymedia.eu\/wp-content\/uploads\/2015\/08\/01.xBanner-Wall.jpg\",\"datePublished\":\"2015-08-12T20:29:52+00:00\",\"breadcrumb\":{\"@id\":\"https:\/\/rcymedia.eu\/producto\/pack-de-identidad-corporativa-pymes-nivel-ii\/#breadcrumb\"},\"inLanguage\":\"en-US\",\"potentialAction\":[{\"@type\":\"ReadAction\",\"target\":[\"https:\/\/rcymedia.eu\/producto\/pack-de-identidad-corporativa-pymes-nivel-ii\/\"]}]},{\"@type\":\"ImageObject\",\"inLanguage\":\"en-US\",\"@id\":\"https:\/\/rcymedia.eu\/producto\/pack-de-identidad-corporativa-pymes-nivel-ii\/#primaryimage\",\"url\":\"https:\/\/rcymedia.eu\/wp-content\/uploads\/2015\/08\/01.xBanner-Wall.jpg\",\"contentUrl\":\"https:\/\/rcymedia.eu\/wp-content\/uploads\/2015\/08\/01.xBanner-Wall.jpg\",\"width\":1800,\"height\":1175,\"caption\":\"Dise\u00f1o web y Comunicaci\u00f3n en Paran\u00e1, C\u00e1ceres y Badajoz\"},{\"@type\":\"BreadcrumbList\",\"@id\":\"https:\/\/rcymedia.eu\/producto\/pack-de-identidad-corporativa-pymes-nivel-ii\/#breadcrumb\",\"itemListElement\":[{\"@type\":\"ListItem\",\"position\":1,\"name\":\"Portada\",\"item\":\"https:\/\/rcymedia.eu\/\"},{\"@type\":\"ListItem\",\"position\":2,\"name\":\"Tienda\",\"item\":\"https:\/\/rcymedia.eu\/pt\/tienda\/\"},{\"@type\":\"ListItem\",\"position\":3,\"name\":\"Pack de Identidad Corporativa Pymes (Nivel II)\"}]},{\"@type\":\"WebSite\",\"@id\":\"https:\/\/rcymedia.eu\/#website\",\"url\":\"https:\/\/rcymedia.eu\/\",\"name\":\"RC&amp;Media Comunicaci\u00f3n\",\"description\":\"Dise\u00f1o web y Comunicaci\u00f3n en Paran\u00e1, C\u00e1ceres y Badajoz\",\"potentialAction\":[{\"@type\":\"SearchAction\",\"target\":{\"@type\":\"EntryPoint\",\"urlTemplate\":\"https:\/\/rcymedia.eu\/?s={search_term_string}\"},\"query-input\":{\"@type\":\"PropertyValueSpecification\",\"valueRequired\":true,\"valueName\":\"search_term_string\"}}],\"inLanguage\":\"en-US\"}]}<\/script>\n<!-- \/ Yoast SEO Premium plugin. -->","yoast_head_json":{"title":"Pack de Identidad Corporativa Pymes (Nivel II) - RC&amp;Media Comunicaci\u00f3n","robots":{"index":"index","follow":"follow","max-snippet":"max-snippet:-1","max-image-preview":"max-image-preview:large","max-video-preview":"max-video-preview:-1"},"canonical":"https:\/\/rcymedia.eu\/producto\/pack-de-identidad-corporativa-pymes-nivel-ii\/","og_locale":"en_US","og_type":"article","og_title":"Pack de Identidad Corporativa Pymes (Nivel II)","og_description":"Dise\u00f1o profesional de una marca\u00a0que valorice la imagen corporativa de tu empresa. Incluye: Versi\u00f3n del logotipo en escala de grises, negativo y positivo. Codificaci\u00f3n formal, tipogr\u00e1fica y crom\u00e1tica para todos los soportes. Distancias de reserva con otros elementos. Implementaciones: Tarjeta de visita. Folio. Sobre standard y oficio. 3 xBanners (0,90 x 1,90 m). Indumentaria b\u00e1sica:&hellip;","og_url":"https:\/\/rcymedia.eu\/producto\/pack-de-identidad-corporativa-pymes-nivel-ii\/","og_site_name":"RC&amp;Media Comunicaci\u00f3n","article_publisher":"https:\/\/www.facebook.com\/rcymedia","og_image":[{"width":1800,"height":1175,"url":"https:\/\/rcymedia.eu\/wp-content\/uploads\/2015\/08\/01.xBanner-Wall.jpg","type":"image\/jpeg"}],"twitter_card":"summary_large_image","twitter_site":"@rcymedia","schema":{"@context":"https:\/\/schema.org","@graph":[{"@type":"WebPage","@id":"https:\/\/rcymedia.eu\/producto\/pack-de-identidad-corporativa-pymes-nivel-ii\/","url":"https:\/\/rcymedia.eu\/producto\/pack-de-identidad-corporativa-pymes-nivel-ii\/","name":"Pack de Identidad Corporativa Pymes (Nivel II) - RC&amp;Media Comunicaci\u00f3n","isPartOf":{"@id":"https:\/\/rcymedia.eu\/#website"},"primaryImageOfPage":{"@id":"https:\/\/rcymedia.eu\/producto\/pack-de-identidad-corporativa-pymes-nivel-ii\/#primaryimage"},"image":{"@id":"https:\/\/rcymedia.eu\/producto\/pack-de-identidad-corporativa-pymes-nivel-ii\/#primaryimage"},"thumbnailUrl":"https:\/\/rcymedia.eu\/wp-content\/uploads\/2015\/08\/01.xBanner-Wall.jpg","datePublished":"2015-08-12T20:29:52+00:00","breadcrumb":{"@id":"https:\/\/rcymedia.eu\/producto\/pack-de-identidad-corporativa-pymes-nivel-ii\/#breadcrumb"},"inLanguage":"en-US","potentialAction":[{"@type":"ReadAction","target":["https:\/\/rcymedia.eu\/producto\/pack-de-identidad-corporativa-pymes-nivel-ii\/"]}]},{"@type":"ImageObject","inLanguage":"en-US","@id":"https:\/\/rcymedia.eu\/producto\/pack-de-identidad-corporativa-pymes-nivel-ii\/#primaryimage","url":"https:\/\/rcymedia.eu\/wp-content\/uploads\/2015\/08\/01.xBanner-Wall.jpg","contentUrl":"https:\/\/rcymedia.eu\/wp-content\/uploads\/2015\/08\/01.xBanner-Wall.jpg","width":1800,"height":1175,"caption":"Dise\u00f1o web y Comunicaci\u00f3n en Paran\u00e1, C\u00e1ceres y Badajoz"},{"@type":"BreadcrumbList","@id":"https:\/\/rcymedia.eu\/producto\/pack-de-identidad-corporativa-pymes-nivel-ii\/#breadcrumb","itemListElement":[{"@type":"ListItem","position":1,"name":"Portada","item":"https:\/\/rcymedia.eu\/"},{"@type":"ListItem","position":2,"name":"Tienda","item":"https:\/\/rcymedia.eu\/pt\/tienda\/"},{"@type":"ListItem","position":3,"name":"Pack de Identidad Corporativa Pymes (Nivel II)"}]},{"@type":"WebSite","@id":"https:\/\/rcymedia.eu\/#website","url":"https:\/\/rcymedia.eu\/","name":"RC&amp;Media Comunicaci\u00f3n","description":"Dise\u00f1o web y Comunicaci\u00f3n en Paran\u00e1, C\u00e1ceres y Badajoz","potentialAction":[{"@type":"SearchAction","target":{"@type":"EntryPoint","urlTemplate":"https:\/\/rcymedia.eu\/?s={search_term_string}"},"query-input":{"@type":"PropertyValueSpecification","valueRequired":true,"valueName":"search_term_string"}}],"inLanguage":"en-US"}]}},"publishpress_future_workflow_manual_trigger":{"enabledWorkflows":[]},"_links":{"self":[{"href":"https:\/\/rcymedia.eu\/en\/wp-json\/wp\/v2\/product\/2105","targetHints":{"allow":["GET"]}}],"collection":[{"href":"https:\/\/rcymedia.eu\/en\/wp-json\/wp\/v2\/product"}],"about":[{"href":"https:\/\/rcymedia.eu\/en\/wp-json\/wp\/v2\/types\/product"}],"wp:featuredmedia":[{"embeddable":true,"href":"https:\/\/rcymedia.eu\/en\/wp-json\/wp\/v2\/media\/2100"}],"wp:attachment":[{"href":"https:\/\/rcymedia.eu\/en\/wp-json\/wp\/v2\/media?parent=2105"}],"wp:term":[{"taxonomy":"product_brand","embeddable":true,"href":"https:\/\/rcymedia.eu\/en\/wp-json\/wp\/v2\/product_brand?post=2105"},{"taxonomy":"product_cat","embeddable":true,"href":"https:\/\/rcymedia.eu\/en\/wp-json\/wp\/v2\/product_cat?post=2105"},{"taxonomy":"product_tag","embeddable":true,"href":"https:\/\/rcymedia.eu\/en\/wp-json\/wp\/v2\/product_tag?post=2105"}],"curies":[{"name":"wp","href":"https:\/\/api.w.org\/{rel}","templated":true}]}}